{"id":169,"date":"2025-12-04T10:37:27","date_gmt":"2025-12-04T09:37:27","guid":{"rendered":"https:\/\/advorius.com\/?page_id=169"},"modified":"2025-12-04T15:33:03","modified_gmt":"2025-12-04T14:33:03","slug":"unsere-partner","status":"publish","type":"page","link":"https:\/\/advorius.com\/nl\/unsere-partner\/","title":{"rendered":"Onze partners"},"content":{"rendered":"<div data-elementor-type=\"wp-page\" data-elementor-id=\"169\" class=\"elementor elementor-169\" data-elementor-post-type=\"page\">\n\t\t\t\t<div class=\"elementor-element elementor-element-0a4bb63 e-flex e-con-boxed e-con e-parent\" data-id=\"0a4bb63\" data-element_type=\"container\">\n\t\t\t\t\t<div class=\"e-con-inner\">\n\t\t\t\t<div class=\"elementor-element elementor-element-3510378 elementor-widget elementor-widget-image\" data-id=\"3510378\" data-element_type=\"widget\" data-widget_type=\"image.default\">\n\t\t\t\t\t\t\t\t\t\t\t\t\t\t\t<img fetchpriority=\"high\" decoding=\"async\" width=\"1120\" height=\"611\" src=\"https:\/\/advorius.com\/wp-content\/uploads\/2025\/12\/Unsere-Partner.webp\" class=\"attachment-full size-full wp-image-447\" alt=\"\" srcset=\"https:\/\/advorius.com\/wp-content\/uploads\/2025\/12\/Unsere-Partner.webp 1120w, https:\/\/advorius.com\/wp-content\/uploads\/2025\/12\/Unsere-Partner-300x164.webp 300w, https:\/\/advorius.com\/wp-content\/uploads\/2025\/12\/Unsere-Partner-1024x559.webp 1024w, https:\/\/advorius.com\/wp-content\/uploads\/2025\/12\/Unsere-Partner-768x419.webp 768w\" sizes=\"(max-width: 1120px) 100vw, 1120px\" \/>\t\t\t\t\t\t\t\t\t\t\t\t\t\t\t<\/div>\n\t\t\t\t<div class=\"elementor-element elementor-element-6a5caaa elementor-widget elementor-widget-heading\" data-id=\"6a5caaa\" data-element_type=\"widget\" data-widget_type=\"heading.default\">\n\t\t\t\t\t<h2 class=\"elementor-heading-title elementor-size-default\">Betrouwbare partner, groot netwerk\n<\/h2>\t\t\t\t<\/div>\n\t\t\t\t<div class=\"elementor-element elementor-element-c1e0533 elementor-widget elementor-widget-text-editor\" data-id=\"c1e0533\" data-element_type=\"widget\" data-widget_type=\"text-editor.default\">\n\t\t\t\t\t\t\t\t\t<p>Onze Duits-Nederlandse betrokkenheid en expertise heeft tot een duurzame samenwerking met enkele gerenommeerde Duitse rechtsbijstands- en aansprakelijkheidsverzekeraars geleid, waaronder begrepen: HUK-COBURG, LVM, R+V, W\u00fcrttembergische en Z\u00fcrich. Vanzelfsprekend werken wij ook met diverse andere verzekeraars samen. Onze kennis van het beleid bij uw verzekeraar helpt u om in een verzekerd traject vertragingen te vermijden en uw kostenrisico\u2019s te beperken. Ook uw verzekeraar heeft baat bij een heldere aanpak.<\/p><p>Vanwege onze verbondenheid met de steden Amsterdam en D\u00fcsseldorf beschikken wij bovendien over een groot netwerk van internationale specialisten in zowel Nederland als Duitsland. Tot ons netwerk behoren naast advocaten in beider landen tevens notarissen en belastingadviseurs.<\/p><p>Mede dankzij onze persoonlijke contacten zijn wij in staat dit netwerk effici\u00ebnt in te zetten. Ook indien uw vraag buiten de kaders van onze praktijkvoering gelegen zou zijn brengen wij u uiteraard graag met een van onze partners in contact.<\/p>\t\t\t\t\t\t\t\t<\/div>\n\t\t\t\t\t<\/div>\n\t\t\t\t<\/div>\n\t\t\t\t<\/div>","protected":false},"excerpt":{"rendered":"<p>Zuverl\u00e4ssiger Partner, gro\u00dfes Netzwerk Wir verstehen uns als langj\u00e4hriger und zuverl\u00e4ssiger Partner f\u00fcr namhafte deutsche Versicherer, mit denen wir sowohl im Rechtsschutz- als auch im Haftpflichtbereich zusammenarbeiten. Wir pflegen einen regelm\u00e4\u00dfigen Austausch mit u.a. der HUK-COBURG, LVM, R+V und der W\u00fcrttembergischen. Dar\u00fcber hinaus arbeiten wir jedoch auch mit diversen anderen Versicherern zusammen. Unser gutes Verst\u00e4ndnis [&hellip;]<\/p>","protected":false},"author":1,"featured_media":0,"parent":0,"menu_order":0,"comment_status":"closed","ping_status":"closed","template":"","meta":{"_acf_changed":false,"inline_featured_image":false,"footnotes":""},"class_list":["post-169","page","type-page","status-publish","hentry"],"acf":[],"yoast_head":"<!-- This site is optimized with the Yoast SEO plugin v26.7 - https:\/\/yoast.com\/wordpress\/plugins\/seo\/ -->\n<title>Unsere Partner - Advorius Advocaten<\/title>\n<meta name=\"robots\" content=\"index, follow, max-snippet:-1, max-image-preview:large, max-video-preview:-1\" \/>\n<link rel=\"canonical\" href=\"https:\/\/advorius.com\/nl\/unsere-partner\/\" \/>\n<meta property=\"og:locale\" content=\"nl_NL\" \/>\n<meta property=\"og:type\" content=\"article\" \/>\n<meta property=\"og:title\" content=\"Unsere Partner - Advorius Advocaten\" \/>\n<meta property=\"og:description\" content=\"Zuverl\u00e4ssiger Partner, gro\u00dfes Netzwerk Wir verstehen uns als langj\u00e4hriger und zuverl\u00e4ssiger Partner f\u00fcr namhafte deutsche Versicherer, mit denen wir sowohl im Rechtsschutz- als auch im Haftpflichtbereich zusammenarbeiten. Wir pflegen einen regelm\u00e4\u00dfigen Austausch mit u.a. der HUK-COBURG, LVM, R+V und der W\u00fcrttembergischen. Dar\u00fcber hinaus arbeiten wir jedoch auch mit diversen anderen Versicherern zusammen. Unser gutes Verst\u00e4ndnis [&hellip;]\" \/>\n<meta property=\"og:url\" content=\"https:\/\/advorius.com\/nl\/unsere-partner\/\" \/>\n<meta property=\"og:site_name\" content=\"Advorius Advocaten\" \/>\n<meta property=\"article:modified_time\" content=\"2025-12-04T14:33:03+00:00\" \/>\n<meta property=\"og:image\" content=\"https:\/\/advorius.com\/wp-content\/uploads\/2025\/12\/Unsere-Partner.webp\" \/>\n\t<meta property=\"og:image:width\" content=\"1120\" \/>\n\t<meta property=\"og:image:height\" content=\"611\" \/>\n\t<meta property=\"og:image:type\" content=\"image\/webp\" \/>\n<meta name=\"twitter:card\" content=\"summary_large_image\" \/>\n<meta name=\"twitter:label1\" content=\"Geschatte leestijd\" \/>\n\t<meta name=\"twitter:data1\" content=\"1 minuut\" \/>\n<script type=\"application\/ld+json\" class=\"yoast-schema-graph\">{\"@context\":\"https:\/\/schema.org\",\"@graph\":[{\"@type\":\"WebPage\",\"@id\":\"https:\/\/advorius.com\/unsere-partner\/\",\"url\":\"https:\/\/advorius.com\/unsere-partner\/\",\"name\":\"Unsere Partner - Advorius Advocaten\",\"isPartOf\":{\"@id\":\"https:\/\/advorius.com\/#website\"},\"primaryImageOfPage\":{\"@id\":\"https:\/\/advorius.com\/unsere-partner\/#primaryimage\"},\"image\":{\"@id\":\"https:\/\/advorius.com\/unsere-partner\/#primaryimage\"},\"thumbnailUrl\":\"https:\/\/advorius.com\/wp-content\/uploads\/2025\/12\/Unsere-Partner.webp\",\"datePublished\":\"2025-12-04T09:37:27+00:00\",\"dateModified\":\"2025-12-04T14:33:03+00:00\",\"breadcrumb\":{\"@id\":\"https:\/\/advorius.com\/unsere-partner\/#breadcrumb\"},\"inLanguage\":\"nl-NL\",\"potentialAction\":[{\"@type\":\"ReadAction\",\"target\":[\"https:\/\/advorius.com\/unsere-partner\/\"]}]},{\"@type\":\"ImageObject\",\"inLanguage\":\"nl-NL\",\"@id\":\"https:\/\/advorius.com\/unsere-partner\/#primaryimage\",\"url\":\"https:\/\/advorius.com\/wp-content\/uploads\/2025\/12\/Unsere-Partner.webp\",\"contentUrl\":\"https:\/\/advorius.com\/wp-content\/uploads\/2025\/12\/Unsere-Partner.webp\"},{\"@type\":\"BreadcrumbList\",\"@id\":\"https:\/\/advorius.com\/unsere-partner\/#breadcrumb\",\"itemListElement\":[{\"@type\":\"ListItem\",\"position\":1,\"name\":\"Home\",\"item\":\"https:\/\/advorius.com\/\"},{\"@type\":\"ListItem\",\"position\":2,\"name\":\"Unsere Partner\"}]},{\"@type\":\"WebSite\",\"@id\":\"https:\/\/advorius.com\/#website\",\"url\":\"https:\/\/advorius.com\/\",\"name\":\"Advorius Advocaten\",\"description\":\"Ihre rechtsanw&auml;lte in den Niederlanden\",\"publisher\":{\"@id\":\"https:\/\/advorius.com\/#organization\"},\"potentialAction\":[{\"@type\":\"SearchAction\",\"target\":{\"@type\":\"EntryPoint\",\"urlTemplate\":\"https:\/\/advorius.com\/?s={search_term_string}\"},\"query-input\":{\"@type\":\"PropertyValueSpecification\",\"valueRequired\":true,\"valueName\":\"search_term_string\"}}],\"inLanguage\":\"nl-NL\"},{\"@type\":\"Organization\",\"@id\":\"https:\/\/advorius.com\/#organization\",\"name\":\"Advorius Advocaten\",\"url\":\"https:\/\/advorius.com\/\",\"logo\":{\"@type\":\"ImageObject\",\"inLanguage\":\"nl-NL\",\"@id\":\"https:\/\/advorius.com\/#\/schema\/logo\/image\/\",\"url\":\"https:\/\/advorius.com\/wp-content\/uploads\/2025\/12\/Logo-Advorius-Advocaten_blauw.webp\",\"contentUrl\":\"https:\/\/advorius.com\/wp-content\/uploads\/2025\/12\/Logo-Advorius-Advocaten_blauw.webp\",\"width\":1360,\"height\":365,\"caption\":\"Advorius Advocaten\"},\"image\":{\"@id\":\"https:\/\/advorius.com\/#\/schema\/logo\/image\/\"}}]}<\/script>\n<!-- \/ Yoast SEO plugin. -->","yoast_head_json":{"title":"Unsere Partner - Advorius Advocaten","robots":{"index":"index","follow":"follow","max-snippet":"max-snippet:-1","max-image-preview":"max-image-preview:large","max-video-preview":"max-video-preview:-1"},"canonical":"https:\/\/advorius.com\/nl\/unsere-partner\/","og_locale":"nl_NL","og_type":"article","og_title":"Unsere Partner - Advorius Advocaten","og_description":"Zuverl\u00e4ssiger Partner, gro\u00dfes Netzwerk Wir verstehen uns als langj\u00e4hriger und zuverl\u00e4ssiger Partner f\u00fcr namhafte deutsche Versicherer, mit denen wir sowohl im Rechtsschutz- als auch im Haftpflichtbereich zusammenarbeiten. Wir pflegen einen regelm\u00e4\u00dfigen Austausch mit u.a. der HUK-COBURG, LVM, R+V und der W\u00fcrttembergischen. Dar\u00fcber hinaus arbeiten wir jedoch auch mit diversen anderen Versicherern zusammen. Unser gutes Verst\u00e4ndnis [&hellip;]","og_url":"https:\/\/advorius.com\/nl\/unsere-partner\/","og_site_name":"Advorius Advocaten","article_modified_time":"2025-12-04T14:33:03+00:00","og_image":[{"width":1120,"height":611,"url":"https:\/\/advorius.com\/wp-content\/uploads\/2025\/12\/Unsere-Partner.webp","type":"image\/webp"}],"twitter_card":"summary_large_image","twitter_misc":{"Geschatte leestijd":"1 minuut"},"schema":{"@context":"https:\/\/schema.org","@graph":[{"@type":"WebPage","@id":"https:\/\/advorius.com\/unsere-partner\/","url":"https:\/\/advorius.com\/unsere-partner\/","name":"Unsere Partner - Advorius Advocaten","isPartOf":{"@id":"https:\/\/advorius.com\/#website"},"primaryImageOfPage":{"@id":"https:\/\/advorius.com\/unsere-partner\/#primaryimage"},"image":{"@id":"https:\/\/advorius.com\/unsere-partner\/#primaryimage"},"thumbnailUrl":"https:\/\/advorius.com\/wp-content\/uploads\/2025\/12\/Unsere-Partner.webp","datePublished":"2025-12-04T09:37:27+00:00","dateModified":"2025-12-04T14:33:03+00:00","breadcrumb":{"@id":"https:\/\/advorius.com\/unsere-partner\/#breadcrumb"},"inLanguage":"nl-NL","potentialAction":[{"@type":"ReadAction","target":["https:\/\/advorius.com\/unsere-partner\/"]}]},{"@type":"ImageObject","inLanguage":"nl-NL","@id":"https:\/\/advorius.com\/unsere-partner\/#primaryimage","url":"https:\/\/advorius.com\/wp-content\/uploads\/2025\/12\/Unsere-Partner.webp","contentUrl":"https:\/\/advorius.com\/wp-content\/uploads\/2025\/12\/Unsere-Partner.webp"},{"@type":"BreadcrumbList","@id":"https:\/\/advorius.com\/unsere-partner\/#breadcrumb","itemListElement":[{"@type":"ListItem","position":1,"name":"Home","item":"https:\/\/advorius.com\/"},{"@type":"ListItem","position":2,"name":"Unsere Partner"}]},{"@type":"WebSite","@id":"https:\/\/advorius.com\/#website","url":"https:\/\/advorius.com\/","name":"Advorius Advocaten","description":"Ihre rechtsanw&auml;lte in den Niederlanden","publisher":{"@id":"https:\/\/advorius.com\/#organization"},"potentialAction":[{"@type":"SearchAction","target":{"@type":"EntryPoint","urlTemplate":"https:\/\/advorius.com\/?s={search_term_string}"},"query-input":{"@type":"PropertyValueSpecification","valueRequired":true,"valueName":"search_term_string"}}],"inLanguage":"nl-NL"},{"@type":"Organization","@id":"https:\/\/advorius.com\/#organization","name":"Advorius Advocaten","url":"https:\/\/advorius.com\/","logo":{"@type":"ImageObject","inLanguage":"nl-NL","@id":"https:\/\/advorius.com\/#\/schema\/logo\/image\/","url":"https:\/\/advorius.com\/wp-content\/uploads\/2025\/12\/Logo-Advorius-Advocaten_blauw.webp","contentUrl":"https:\/\/advorius.com\/wp-content\/uploads\/2025\/12\/Logo-Advorius-Advocaten_blauw.webp","width":1360,"height":365,"caption":"Advorius Advocaten"},"image":{"@id":"https:\/\/advorius.com\/#\/schema\/logo\/image\/"}}]}},"_links":{"self":[{"href":"https:\/\/advorius.com\/nl\/wp-json\/wp\/v2\/pages\/169","targetHints":{"allow":["GET"]}}],"collection":[{"href":"https:\/\/advorius.com\/nl\/wp-json\/wp\/v2\/pages"}],"about":[{"href":"https:\/\/advorius.com\/nl\/wp-json\/wp\/v2\/types\/page"}],"author":[{"embeddable":true,"href":"https:\/\/advorius.com\/nl\/wp-json\/wp\/v2\/users\/1"}],"replies":[{"embeddable":true,"href":"https:\/\/advorius.com\/nl\/wp-json\/wp\/v2\/comments?post=169"}],"version-history":[{"count":10,"href":"https:\/\/advorius.com\/nl\/wp-json\/wp\/v2\/pages\/169\/revisions"}],"predecessor-version":[{"id":453,"href":"https:\/\/advorius.com\/nl\/wp-json\/wp\/v2\/pages\/169\/revisions\/453"}],"wp:attachment":[{"href":"https:\/\/advorius.com\/nl\/wp-json\/wp\/v2\/media?parent=169"}],"curies":[{"name":"wp","href":"https:\/\/api.w.org\/{rel}","templated":true}]}}