{"id":173,"date":"2025-12-04T10:38:14","date_gmt":"2025-12-04T09:38:14","guid":{"rendered":"https:\/\/advorius.com\/?page_id=173"},"modified":"2025-12-11T14:48:04","modified_gmt":"2025-12-11T13:48:04","slug":"vertragsrecht-und-internationales-privatrecht","status":"publish","type":"page","link":"https:\/\/advorius.com\/nl\/vertragsrecht-und-internationales-privatrecht\/","title":{"rendered":"Contractenrecht en internationaal privaatrecht"},"content":{"rendered":"<div data-elementor-type=\"wp-page\" data-elementor-id=\"173\" class=\"elementor elementor-173\" data-elementor-post-type=\"page\">\n\t\t\t\t<div class=\"elementor-element elementor-element-71cee39 e-flex e-con-boxed e-con e-parent\" data-id=\"71cee39\" data-element_type=\"container\">\n\t\t\t\t\t<div class=\"e-con-inner\">\n\t\t<div class=\"elementor-element elementor-element-1869b2c e-con-full e-flex e-con e-child\" data-id=\"1869b2c\" data-element_type=\"container\">\n\t\t\t\t<div class=\"elementor-element elementor-element-df66256 elementor-widget elementor-widget-heading\" data-id=\"df66256\" data-element_type=\"widget\" data-widget_type=\"heading.default\">\n\t\t\t\t\t<h2 class=\"elementor-heading-title elementor-size-default\">Contractenrecht en internationaal privaatrecht<\/h2>\t\t\t\t<\/div>\n\t\t\t\t<div class=\"elementor-element elementor-element-af370ad elementor-widget elementor-widget-text-editor\" data-id=\"af370ad\" data-element_type=\"widget\" data-widget_type=\"text-editor.default\">\n\t\t\t\t\t\t\t\t\t<p>Bij het opstellen van contracten dienen de partijen ook bedacht te zijn op elkaars rechtsopvattingen. Niet uitsluitend de tekst van het contract maar juist onuitgesproken veronderstellingen kunnen een valkuil vormen voor succes. Dat geldt in het bijzonder als er buitenlandse contractspartijen bij betrokken zijn. Bij het opstellen van contracten toetsen wij naast het contract ook de positie daarvan binnen uw bestaande of beoogde (handels)relatie.<\/p><p>Een bestendige relatie vormgeven met begrijpelijke contracten, die ook in onverwachte situaties standhouden. Voorwaarden die met respect aansluiten bij zowel (Nederlands) koopmanschap als de (Duitse) maakindustrie en die grensoverschrijdende samenwerking via distributie of agentuur daadwerkelijk vergemakkelijken. Heeft u afdwingbare mogelijkheden als uw partner niet afneemt of niet betaalt? Wat geldt bij beschadiging van de handelswaar? Zijn uw algemene voorwaarden in overeenstemming met de (internationale) wet en regelgeving? Een goed contract is het halve werk.<\/p><p>Internationaal privaatrecht (IPR) is voor ons niets uitzonderlijks. Wij passen het dagelijks toe. Het IPR bepaalt welke rechtbank bevoegd is en wijst het toepasselijke (nationale) recht aan. Doorgaans is het in uw belang om geschillen door uw eigen rechter conform uw eigen recht te laten beslechten.<\/p><p>Het IPR speelt niet uitsluitend bij contractuele relaties een belangrijke rol. Ook als u met een buitenlandse partij bij een ongeval betrokken raakt, of deze anderszins onrechtmatig jegens u handelt, moet worden nagegaan of u uw schadevergoeding aan de Nederlandse rechter met toepassing van Nederlands recht kunt voorleggen. De verschillen tussen toepassing van buitenlands of Nederlands recht kunnen groot zijn. In het kader van IPR adviseren wij naast procespartijen ook Duitse rechtbanken bij de toepassing van Nederlands recht en zijn wij betrokken bij rogatoire commissies waarin buitenlandse partijen als getuige in Nederland worden gehoord. Het IPR wordt doorgaans als een vrij bijzonder rechtsgebied gezien dat echter bij ons kantoor tot de alledaagse praktijk behoort.<\/p>\t\t\t\t\t\t\t\t<\/div>\n\t\t\t\t<\/div>\n\t\t<div class=\"elementor-element elementor-element-c34da76 e-con-full e-flex e-con e-child\" data-id=\"c34da76\" data-element_type=\"container\">\n\t\t\t\t<div class=\"elementor-element elementor-element-b4018fb elementor-view-stacked elementor-shape-square elementor-widget elementor-widget-icon\" data-id=\"b4018fb\" data-element_type=\"widget\" data-widget_type=\"icon.default\">\n\t\t\t\t\t\t\t<div class=\"elementor-icon-wrapper\">\n\t\t\t<div class=\"elementor-icon\">\n\t\t\t<svg aria-hidden=\"true\" class=\"e-font-icon-svg e-fas-file-contract\" viewbox=\"0 0 384 512\" xmlns=\"http:\/\/www.w3.org\/2000\/svg\"><path d=\"M224 136V0H24C10.7 0 0 10.7 0 24v464c0 13.3 10.7 24 24 24h336c13.3 0 24-10.7 24-24V160H248c-13.2 0-24-10.8-24-24zM64 72c0-4.42 3.58-8 8-8h80c4.42 0 8 3.58 8 8v16c0 4.42-3.58 8-8 8H72c-4.42 0-8-3.58-8-8V72zm0 64c0-4.42 3.58-8 8-8h80c4.42 0 8 3.58 8 8v16c0 4.42-3.58 8-8 8H72c-4.42 0-8-3.58-8-8v-16zm192.81 248H304c8.84 0 16 7.16 16 16s-7.16 16-16 16h-47.19c-16.45 0-31.27-9.14-38.64-23.86-2.95-5.92-8.09-6.52-10.17-6.52s-7.22.59-10.02 6.19l-7.67 15.34a15.986 15.986 0 0 1-14.31 8.84c-.38 0-.75-.02-1.14-.05-6.45-.45-12-4.75-14.03-10.89L144 354.59l-10.61 31.88c-5.89 17.66-22.38 29.53-41 29.53H80c-8.84 0-16-7.16-16-16s7.16-16 16-16h12.39c4.83 0 9.11-3.08 10.64-7.66l18.19-54.64c3.3-9.81 12.44-16.41 22.78-16.41s19.48 6.59 22.77 16.41l13.88 41.64c19.77-16.19 54.05-9.7 66 14.16 2.02 4.06 5.96 6.5 10.16 6.5zM377 105L279.1 7c-4.5-4.5-10.6-7-17-7H256v128h128v-6.1c0-6.3-2.5-12.4-7-16.9z\"><\/path><\/svg>\t\t\t<\/div>\n\t\t<\/div>\n\t\t\t\t\t\t<\/div>\n\t\t\t\t<\/div>\n\t\t\t\t\t<\/div>\n\t\t\t\t<\/div>\n\t\t\t\t<\/div>","protected":false},"excerpt":{"rendered":"<p>Vertragsrecht und Internationales Privatrecht Im Vertragsrecht, beim Vertragsentwurf und\/oder -pr\u00fcfung wissen wir die Unterschiede in Sprache und Mentalit\u00e4t zu ber\u00fccksichtigen und gesetzeskonform umzusetzen. Wir pr\u00fcfen oder erstellen z.B. Ihre allgemeinen Gesch\u00e4ftsbedingungen oder sonstige Vertr\u00e4ge unter Ber\u00fccksichtigung der internationalen Besonderheiten. Im Vertragsrecht ist generell darauf zu achten, dass die bestehende oder anvisierte (internationale) Beziehung zwischen den [&hellip;]<\/p>","protected":false},"author":1,"featured_media":0,"parent":0,"menu_order":0,"comment_status":"closed","ping_status":"closed","template":"","meta":{"_acf_changed":false,"inline_featured_image":false,"footnotes":""},"class_list":["post-173","page","type-page","status-publish","hentry"],"acf":[],"yoast_head":"<!-- This site is optimized with the Yoast SEO plugin v26.7 - https:\/\/yoast.com\/wordpress\/plugins\/seo\/ -->\n<title>Vertragsrecht und Internationales Privatrecht - Advorius Advocaten<\/title>\n<meta name=\"robots\" content=\"index, follow, max-snippet:-1, max-image-preview:large, max-video-preview:-1\" \/>\n<link rel=\"canonical\" href=\"https:\/\/advorius.com\/nl\/vertragsrecht-und-internationales-privatrecht\/\" \/>\n<meta property=\"og:locale\" content=\"nl_NL\" \/>\n<meta property=\"og:type\" content=\"article\" \/>\n<meta property=\"og:title\" content=\"Vertragsrecht und Internationales Privatrecht - Advorius Advocaten\" \/>\n<meta property=\"og:description\" content=\"Vertragsrecht und Internationales Privatrecht Im Vertragsrecht, beim Vertragsentwurf und\/oder -pr\u00fcfung wissen wir die Unterschiede in Sprache und Mentalit\u00e4t zu ber\u00fccksichtigen und gesetzeskonform umzusetzen. Wir pr\u00fcfen oder erstellen z.B. Ihre allgemeinen Gesch\u00e4ftsbedingungen oder sonstige Vertr\u00e4ge unter Ber\u00fccksichtigung der internationalen Besonderheiten. Im Vertragsrecht ist generell darauf zu achten, dass die bestehende oder anvisierte (internationale) Beziehung zwischen den [&hellip;]\" \/>\n<meta property=\"og:url\" content=\"https:\/\/advorius.com\/nl\/vertragsrecht-und-internationales-privatrecht\/\" \/>\n<meta property=\"og:site_name\" content=\"Advorius Advocaten\" \/>\n<meta property=\"article:modified_time\" content=\"2025-12-11T13:48:04+00:00\" \/>\n<meta name=\"twitter:card\" content=\"summary_large_image\" \/>\n<meta name=\"twitter:label1\" content=\"Geschatte leestijd\" \/>\n\t<meta name=\"twitter:data1\" content=\"2 minuten\" \/>\n<script type=\"application\/ld+json\" class=\"yoast-schema-graph\">{\"@context\":\"https:\/\/schema.org\",\"@graph\":[{\"@type\":\"WebPage\",\"@id\":\"https:\/\/advorius.com\/vertragsrecht-und-internationales-privatrecht\/\",\"url\":\"https:\/\/advorius.com\/vertragsrecht-und-internationales-privatrecht\/\",\"name\":\"Vertragsrecht und Internationales Privatrecht - Advorius Advocaten\",\"isPartOf\":{\"@id\":\"https:\/\/advorius.com\/#website\"},\"datePublished\":\"2025-12-04T09:38:14+00:00\",\"dateModified\":\"2025-12-11T13:48:04+00:00\",\"breadcrumb\":{\"@id\":\"https:\/\/advorius.com\/vertragsrecht-und-internationales-privatrecht\/#breadcrumb\"},\"inLanguage\":\"nl-NL\",\"potentialAction\":[{\"@type\":\"ReadAction\",\"target\":[\"https:\/\/advorius.com\/vertragsrecht-und-internationales-privatrecht\/\"]}]},{\"@type\":\"BreadcrumbList\",\"@id\":\"https:\/\/advorius.com\/vertragsrecht-und-internationales-privatrecht\/#breadcrumb\",\"itemListElement\":[{\"@type\":\"ListItem\",\"position\":1,\"name\":\"Home\",\"item\":\"https:\/\/advorius.com\/\"},{\"@type\":\"ListItem\",\"position\":2,\"name\":\"Vertragsrecht und Internationales Privatrecht\"}]},{\"@type\":\"WebSite\",\"@id\":\"https:\/\/advorius.com\/#website\",\"url\":\"https:\/\/advorius.com\/\",\"name\":\"Advorius Advocaten\",\"description\":\"Ihre rechtsanw&auml;lte in den Niederlanden\",\"publisher\":{\"@id\":\"https:\/\/advorius.com\/#organization\"},\"potentialAction\":[{\"@type\":\"SearchAction\",\"target\":{\"@type\":\"EntryPoint\",\"urlTemplate\":\"https:\/\/advorius.com\/?s={search_term_string}\"},\"query-input\":{\"@type\":\"PropertyValueSpecification\",\"valueRequired\":true,\"valueName\":\"search_term_string\"}}],\"inLanguage\":\"nl-NL\"},{\"@type\":\"Organization\",\"@id\":\"https:\/\/advorius.com\/#organization\",\"name\":\"Advorius Advocaten\",\"url\":\"https:\/\/advorius.com\/\",\"logo\":{\"@type\":\"ImageObject\",\"inLanguage\":\"nl-NL\",\"@id\":\"https:\/\/advorius.com\/#\/schema\/logo\/image\/\",\"url\":\"https:\/\/advorius.com\/wp-content\/uploads\/2025\/12\/Logo-Advorius-Advocaten_blauw.webp\",\"contentUrl\":\"https:\/\/advorius.com\/wp-content\/uploads\/2025\/12\/Logo-Advorius-Advocaten_blauw.webp\",\"width\":1360,\"height\":365,\"caption\":\"Advorius Advocaten\"},\"image\":{\"@id\":\"https:\/\/advorius.com\/#\/schema\/logo\/image\/\"}}]}<\/script>\n<!-- \/ Yoast SEO plugin. -->","yoast_head_json":{"title":"Vertragsrecht und Internationales Privatrecht - Advorius Advocaten","robots":{"index":"index","follow":"follow","max-snippet":"max-snippet:-1","max-image-preview":"max-image-preview:large","max-video-preview":"max-video-preview:-1"},"canonical":"https:\/\/advorius.com\/nl\/vertragsrecht-und-internationales-privatrecht\/","og_locale":"nl_NL","og_type":"article","og_title":"Vertragsrecht und Internationales Privatrecht - Advorius Advocaten","og_description":"Vertragsrecht und Internationales Privatrecht Im Vertragsrecht, beim Vertragsentwurf und\/oder -pr\u00fcfung wissen wir die Unterschiede in Sprache und Mentalit\u00e4t zu ber\u00fccksichtigen und gesetzeskonform umzusetzen. Wir pr\u00fcfen oder erstellen z.B. Ihre allgemeinen Gesch\u00e4ftsbedingungen oder sonstige Vertr\u00e4ge unter Ber\u00fccksichtigung der internationalen Besonderheiten. Im Vertragsrecht ist generell darauf zu achten, dass die bestehende oder anvisierte (internationale) Beziehung zwischen den [&hellip;]","og_url":"https:\/\/advorius.com\/nl\/vertragsrecht-und-internationales-privatrecht\/","og_site_name":"Advorius Advocaten","article_modified_time":"2025-12-11T13:48:04+00:00","twitter_card":"summary_large_image","twitter_misc":{"Geschatte leestijd":"2 minuten"},"schema":{"@context":"https:\/\/schema.org","@graph":[{"@type":"WebPage","@id":"https:\/\/advorius.com\/vertragsrecht-und-internationales-privatrecht\/","url":"https:\/\/advorius.com\/vertragsrecht-und-internationales-privatrecht\/","name":"Vertragsrecht und Internationales Privatrecht - Advorius Advocaten","isPartOf":{"@id":"https:\/\/advorius.com\/#website"},"datePublished":"2025-12-04T09:38:14+00:00","dateModified":"2025-12-11T13:48:04+00:00","breadcrumb":{"@id":"https:\/\/advorius.com\/vertragsrecht-und-internationales-privatrecht\/#breadcrumb"},"inLanguage":"nl-NL","potentialAction":[{"@type":"ReadAction","target":["https:\/\/advorius.com\/vertragsrecht-und-internationales-privatrecht\/"]}]},{"@type":"BreadcrumbList","@id":"https:\/\/advorius.com\/vertragsrecht-und-internationales-privatrecht\/#breadcrumb","itemListElement":[{"@type":"ListItem","position":1,"name":"Home","item":"https:\/\/advorius.com\/"},{"@type":"ListItem","position":2,"name":"Vertragsrecht und Internationales Privatrecht"}]},{"@type":"WebSite","@id":"https:\/\/advorius.com\/#website","url":"https:\/\/advorius.com\/","name":"Advorius Advocaten","description":"Ihre rechtsanw&auml;lte in den Niederlanden","publisher":{"@id":"https:\/\/advorius.com\/#organization"},"potentialAction":[{"@type":"SearchAction","target":{"@type":"EntryPoint","urlTemplate":"https:\/\/advorius.com\/?s={search_term_string}"},"query-input":{"@type":"PropertyValueSpecification","valueRequired":true,"valueName":"search_term_string"}}],"inLanguage":"nl-NL"},{"@type":"Organization","@id":"https:\/\/advorius.com\/#organization","name":"Advorius Advocaten","url":"https:\/\/advorius.com\/","logo":{"@type":"ImageObject","inLanguage":"nl-NL","@id":"https:\/\/advorius.com\/#\/schema\/logo\/image\/","url":"https:\/\/advorius.com\/wp-content\/uploads\/2025\/12\/Logo-Advorius-Advocaten_blauw.webp","contentUrl":"https:\/\/advorius.com\/wp-content\/uploads\/2025\/12\/Logo-Advorius-Advocaten_blauw.webp","width":1360,"height":365,"caption":"Advorius Advocaten"},"image":{"@id":"https:\/\/advorius.com\/#\/schema\/logo\/image\/"}}]}},"_links":{"self":[{"href":"https:\/\/advorius.com\/nl\/wp-json\/wp\/v2\/pages\/173","targetHints":{"allow":["GET"]}}],"collection":[{"href":"https:\/\/advorius.com\/nl\/wp-json\/wp\/v2\/pages"}],"about":[{"href":"https:\/\/advorius.com\/nl\/wp-json\/wp\/v2\/types\/page"}],"author":[{"embeddable":true,"href":"https:\/\/advorius.com\/nl\/wp-json\/wp\/v2\/users\/1"}],"replies":[{"embeddable":true,"href":"https:\/\/advorius.com\/nl\/wp-json\/wp\/v2\/comments?post=173"}],"version-history":[{"count":4,"href":"https:\/\/advorius.com\/nl\/wp-json\/wp\/v2\/pages\/173\/revisions"}],"predecessor-version":[{"id":842,"href":"https:\/\/advorius.com\/nl\/wp-json\/wp\/v2\/pages\/173\/revisions\/842"}],"wp:attachment":[{"href":"https:\/\/advorius.com\/nl\/wp-json\/wp\/v2\/media?parent=173"}],"curies":[{"name":"wp","href":"https:\/\/api.w.org\/{rel}","templated":true}]}}