{"id":177,"date":"2025-12-04T10:38:23","date_gmt":"2025-12-04T09:38:23","guid":{"rendered":"https:\/\/advorius.com\/?page_id=177"},"modified":"2025-12-04T16:04:35","modified_gmt":"2025-12-04T15:04:35","slug":"personenschaden-und-verkehrsrecht","status":"publish","type":"page","link":"https:\/\/advorius.com\/nl\/personenschaden-und-verkehrsrecht\/","title":{"rendered":"Letselschade en Verkeer"},"content":{"rendered":"<div data-elementor-type=\"wp-page\" data-elementor-id=\"177\" class=\"elementor elementor-177\" data-elementor-post-type=\"page\">\n\t\t\t\t<div class=\"elementor-element elementor-element-2b06573 e-flex e-con-boxed e-con e-parent\" data-id=\"2b06573\" data-element_type=\"container\">\n\t\t\t\t\t<div class=\"e-con-inner\">\n\t\t<div class=\"elementor-element elementor-element-559ba27 e-con-full e-flex e-con e-child\" data-id=\"559ba27\" data-element_type=\"container\">\n\t\t\t\t<div class=\"elementor-element elementor-element-981919c elementor-widget elementor-widget-heading\" data-id=\"981919c\" data-element_type=\"widget\" data-widget_type=\"heading.default\">\n\t\t\t\t\t<h2 class=\"elementor-heading-title elementor-size-default\">Letselschade en Verkeer\n<\/h2>\t\t\t\t<\/div>\n\t\t\t\t<div class=\"elementor-element elementor-element-7c1c036 elementor-widget elementor-widget-text-editor\" data-id=\"7c1c036\" data-element_type=\"widget\" data-widget_type=\"text-editor.default\">\n\t\t\t\t\t\t\t\t\t<p>Uw meest wezenlijke bezit is uiteraard uw gezondheid. Helaas kan ook dit bezit deel gaan uitmaken van juridische discussie. Een ervaring die wij niemand gunnen maar waarvan wij ons beseffen dat die discussie desalniettemin vaak ook juridisch bevochten moet worden. Als u letselschade heeft opgelopen, zij het door een (verkeers-)ongeval, zij het door een onjuiste medische diagnose of behandeling, dan helpen wij u graag verder om uw schade op de veroorzaker te verhalen.<\/p><p>Letselschadezaken vergen (persoonlijke) aandacht, doorzettingsvermogen en specialistische kennis van uw belangenbehartiger. Inventarisatie van uw psychisch of lichamelijk letsel, schadeopstelling en een correcte schadeafwikkeling zijn bijzonder ingewikkeld en kunnen \u2013 zeker in een internationale context \u2013 veel tijd vergen. Door inschakeling van een Nederlands netwerk van medisch specialisten, met wie wij al jaren bestendig samenwerken, kunnen medische vraagstukken in een vroegtijdig stadium herkend en beantwoord worden en komt ook een juridische afwikkeling sneller in beeld. Het contrast tussen het belang van het slachtoffer en de juridische realiteit is vaak (te) groot; door een voortvarende, deskundige aanpak, al dan niet in overleg met betrokken verzekeraars, trachten wij dit te bespoedigen en de juridische wegen te bekorten. Mocht een buitengerechtelijke regeling echter niet mogelijk blijken, zo zullen wij op basis van gedegen medische en juridische dossiervorming ook de weg naar de rechtbank niet schuwen.<\/p><p>Uiteraard nemen wij ook ongevallen in het verkeer met uitsluitend materi\u00eble schade in behandeling. Bent u buiten uw schuld om betrokken geraakt bij een verkeersongeval, al dan niet met een buitenlands voertuig? Wij beschikken bij uitstek over de noodzakelijke instrumenten voor Europese schadeafwikkeling in verkeerszaken. Bijzonderheden die internationale afwikkeling kunnen frustreren proberen wij zoveel mogelijk te omzeilen. Niemand zit immers bij een eenvoudige botsing te wachten op inschakeling van schadereguleringsbureaus en afwikkeltijden van tenminste 3 maanden uitsluitend omdat er een buitenlands kenteken bij betrokken was. Wij staan voor een actieve rol en een voorspoedige schadeafwikkeling. Daarop kunnen onze cli\u00ebnten, zowel de eigenaar als bestuurder van het voertuig, als ook diens WAM- of casco-verzekeraar een beroep doen.<\/p>\t\t\t\t\t\t\t\t<\/div>\n\t\t\t\t<\/div>\n\t\t<div class=\"elementor-element elementor-element-0ce409d e-con-full e-flex e-con e-child\" data-id=\"0ce409d\" data-element_type=\"container\">\n\t\t\t\t<div class=\"elementor-element elementor-element-9869ffd elementor-view-stacked elementor-shape-square elementor-widget elementor-widget-icon\" data-id=\"9869ffd\" data-element_type=\"widget\" data-widget_type=\"icon.default\">\n\t\t\t\t\t\t\t<div class=\"elementor-icon-wrapper\">\n\t\t\t<div class=\"elementor-icon\">\n\t\t\t<svg aria-hidden=\"true\" class=\"e-font-icon-svg e-fas-ambulance\" viewbox=\"0 0 640 512\" xmlns=\"http:\/\/www.w3.org\/2000\/svg\"><path d=\"M624 352h-16V243.9c0-12.7-5.1-24.9-14.1-33.9L494 110.1c-9-9-21.2-14.1-33.9-14.1H416V48c0-26.5-21.5-48-48-48H48C21.5 0 0 21.5 0 48v320c0 26.5 21.5 48 48 48h16c0 53 43 96 96 96s96-43 96-96h128c0 53 43 96 96 96s96-43 96-96h48c8.8 0 16-7.2 16-16v-32c0-8.8-7.2-16-16-16zM160 464c-26.5 0-48-21.5-48-48s21.5-48 48-48 48 21.5 48 48-21.5 48-48 48zm144-248c0 4.4-3.6 8-8 8h-56v56c0 4.4-3.6 8-8 8h-48c-4.4 0-8-3.6-8-8v-56h-56c-4.4 0-8-3.6-8-8v-48c0-4.4 3.6-8 8-8h56v-56c0-4.4 3.6-8 8-8h48c4.4 0 8 3.6 8 8v56h56c4.4 0 8 3.6 8 8v48zm176 248c-26.5 0-48-21.5-48-48s21.5-48 48-48 48 21.5 48 48-21.5 48-48 48zm80-208H416V144h44.1l99.9 99.9V256z\"><\/path><\/svg>\t\t\t<\/div>\n\t\t<\/div>\n\t\t\t\t\t\t<\/div>\n\t\t\t\t<\/div>\n\t\t\t\t\t<\/div>\n\t\t\t\t<\/div>\n\t\t\t\t<\/div>","protected":false},"excerpt":{"rendered":"<p>Personenschaden- und Verkehrsrecht Bei Verletzungen, die durch Nachl\u00e4ssigkeit oder aktives Zutun anderer verursacht werden, ob Personensch\u00e4den bei Unf\u00e4llen oder \u00e4rztlichen Fehlbehandlungen, setzen wir uns entschlossen daf\u00fcr ein, dass Ihre Anspr\u00fcche vollumf\u00e4nglich geltend gemacht werden. Wir bem\u00fchen uns in erster Instanz um eine au\u00dfergerichtliche Einigung, z\u00f6gern jedoch auch nicht, den Gerichtsweg einzuschlagen. Die Bearbeitung von Personensch\u00e4den [&hellip;]<\/p>","protected":false},"author":1,"featured_media":0,"parent":0,"menu_order":0,"comment_status":"closed","ping_status":"closed","template":"","meta":{"_acf_changed":false,"inline_featured_image":false,"footnotes":""},"class_list":["post-177","page","type-page","status-publish","hentry"],"acf":[],"yoast_head":"<!-- This site is optimized with the Yoast SEO plugin v26.7 - https:\/\/yoast.com\/wordpress\/plugins\/seo\/ -->\n<title>Personenschaden und Verkehrsrecht - Advorius Advocaten<\/title>\n<meta name=\"robots\" content=\"index, follow, max-snippet:-1, max-image-preview:large, max-video-preview:-1\" \/>\n<link rel=\"canonical\" href=\"https:\/\/advorius.com\/nl\/personenschaden-und-verkehrsrecht\/\" \/>\n<meta property=\"og:locale\" content=\"nl_NL\" \/>\n<meta property=\"og:type\" content=\"article\" \/>\n<meta property=\"og:title\" content=\"Personenschaden und Verkehrsrecht - Advorius Advocaten\" \/>\n<meta property=\"og:description\" content=\"Personenschaden- und Verkehrsrecht Bei Verletzungen, die durch Nachl\u00e4ssigkeit oder aktives Zutun anderer verursacht werden, ob Personensch\u00e4den bei Unf\u00e4llen oder \u00e4rztlichen Fehlbehandlungen, setzen wir uns entschlossen daf\u00fcr ein, dass Ihre Anspr\u00fcche vollumf\u00e4nglich geltend gemacht werden. Wir bem\u00fchen uns in erster Instanz um eine au\u00dfergerichtliche Einigung, z\u00f6gern jedoch auch nicht, den Gerichtsweg einzuschlagen. Die Bearbeitung von Personensch\u00e4den [&hellip;]\" \/>\n<meta property=\"og:url\" content=\"https:\/\/advorius.com\/nl\/personenschaden-und-verkehrsrecht\/\" \/>\n<meta property=\"og:site_name\" content=\"Advorius Advocaten\" \/>\n<meta property=\"article:modified_time\" content=\"2025-12-04T15:04:35+00:00\" \/>\n<meta name=\"twitter:card\" content=\"summary_large_image\" \/>\n<meta name=\"twitter:label1\" content=\"Geschatte leestijd\" \/>\n\t<meta name=\"twitter:data1\" content=\"1 minuut\" \/>\n<script type=\"application\/ld+json\" class=\"yoast-schema-graph\">{\"@context\":\"https:\/\/schema.org\",\"@graph\":[{\"@type\":\"WebPage\",\"@id\":\"https:\/\/advorius.com\/personenschaden-und-verkehrsrecht\/\",\"url\":\"https:\/\/advorius.com\/personenschaden-und-verkehrsrecht\/\",\"name\":\"Personenschaden und Verkehrsrecht - Advorius Advocaten\",\"isPartOf\":{\"@id\":\"https:\/\/advorius.com\/#website\"},\"datePublished\":\"2025-12-04T09:38:23+00:00\",\"dateModified\":\"2025-12-04T15:04:35+00:00\",\"breadcrumb\":{\"@id\":\"https:\/\/advorius.com\/personenschaden-und-verkehrsrecht\/#breadcrumb\"},\"inLanguage\":\"nl-NL\",\"potentialAction\":[{\"@type\":\"ReadAction\",\"target\":[\"https:\/\/advorius.com\/personenschaden-und-verkehrsrecht\/\"]}]},{\"@type\":\"BreadcrumbList\",\"@id\":\"https:\/\/advorius.com\/personenschaden-und-verkehrsrecht\/#breadcrumb\",\"itemListElement\":[{\"@type\":\"ListItem\",\"position\":1,\"name\":\"Home\",\"item\":\"https:\/\/advorius.com\/\"},{\"@type\":\"ListItem\",\"position\":2,\"name\":\"Personenschaden und Verkehrsrecht\"}]},{\"@type\":\"WebSite\",\"@id\":\"https:\/\/advorius.com\/#website\",\"url\":\"https:\/\/advorius.com\/\",\"name\":\"Advorius Advocaten\",\"description\":\"Ihre rechtsanw&auml;lte in den Niederlanden\",\"publisher\":{\"@id\":\"https:\/\/advorius.com\/#organization\"},\"potentialAction\":[{\"@type\":\"SearchAction\",\"target\":{\"@type\":\"EntryPoint\",\"urlTemplate\":\"https:\/\/advorius.com\/?s={search_term_string}\"},\"query-input\":{\"@type\":\"PropertyValueSpecification\",\"valueRequired\":true,\"valueName\":\"search_term_string\"}}],\"inLanguage\":\"nl-NL\"},{\"@type\":\"Organization\",\"@id\":\"https:\/\/advorius.com\/#organization\",\"name\":\"Advorius Advocaten\",\"url\":\"https:\/\/advorius.com\/\",\"logo\":{\"@type\":\"ImageObject\",\"inLanguage\":\"nl-NL\",\"@id\":\"https:\/\/advorius.com\/#\/schema\/logo\/image\/\",\"url\":\"https:\/\/advorius.com\/wp-content\/uploads\/2025\/12\/Logo-Advorius-Advocaten_blauw.webp\",\"contentUrl\":\"https:\/\/advorius.com\/wp-content\/uploads\/2025\/12\/Logo-Advorius-Advocaten_blauw.webp\",\"width\":1360,\"height\":365,\"caption\":\"Advorius Advocaten\"},\"image\":{\"@id\":\"https:\/\/advorius.com\/#\/schema\/logo\/image\/\"}}]}<\/script>\n<!-- \/ Yoast SEO plugin. -->","yoast_head_json":{"title":"Personenschaden und Verkehrsrecht - Advorius Advocaten","robots":{"index":"index","follow":"follow","max-snippet":"max-snippet:-1","max-image-preview":"max-image-preview:large","max-video-preview":"max-video-preview:-1"},"canonical":"https:\/\/advorius.com\/nl\/personenschaden-und-verkehrsrecht\/","og_locale":"nl_NL","og_type":"article","og_title":"Personenschaden und Verkehrsrecht - Advorius Advocaten","og_description":"Personenschaden- und Verkehrsrecht Bei Verletzungen, die durch Nachl\u00e4ssigkeit oder aktives Zutun anderer verursacht werden, ob Personensch\u00e4den bei Unf\u00e4llen oder \u00e4rztlichen Fehlbehandlungen, setzen wir uns entschlossen daf\u00fcr ein, dass Ihre Anspr\u00fcche vollumf\u00e4nglich geltend gemacht werden. Wir bem\u00fchen uns in erster Instanz um eine au\u00dfergerichtliche Einigung, z\u00f6gern jedoch auch nicht, den Gerichtsweg einzuschlagen. Die Bearbeitung von Personensch\u00e4den [&hellip;]","og_url":"https:\/\/advorius.com\/nl\/personenschaden-und-verkehrsrecht\/","og_site_name":"Advorius Advocaten","article_modified_time":"2025-12-04T15:04:35+00:00","twitter_card":"summary_large_image","twitter_misc":{"Geschatte leestijd":"1 minuut"},"schema":{"@context":"https:\/\/schema.org","@graph":[{"@type":"WebPage","@id":"https:\/\/advorius.com\/personenschaden-und-verkehrsrecht\/","url":"https:\/\/advorius.com\/personenschaden-und-verkehrsrecht\/","name":"Personenschaden und Verkehrsrecht - Advorius Advocaten","isPartOf":{"@id":"https:\/\/advorius.com\/#website"},"datePublished":"2025-12-04T09:38:23+00:00","dateModified":"2025-12-04T15:04:35+00:00","breadcrumb":{"@id":"https:\/\/advorius.com\/personenschaden-und-verkehrsrecht\/#breadcrumb"},"inLanguage":"nl-NL","potentialAction":[{"@type":"ReadAction","target":["https:\/\/advorius.com\/personenschaden-und-verkehrsrecht\/"]}]},{"@type":"BreadcrumbList","@id":"https:\/\/advorius.com\/personenschaden-und-verkehrsrecht\/#breadcrumb","itemListElement":[{"@type":"ListItem","position":1,"name":"Home","item":"https:\/\/advorius.com\/"},{"@type":"ListItem","position":2,"name":"Personenschaden und Verkehrsrecht"}]},{"@type":"WebSite","@id":"https:\/\/advorius.com\/#website","url":"https:\/\/advorius.com\/","name":"Advorius Advocaten","description":"Ihre rechtsanw&auml;lte in den Niederlanden","publisher":{"@id":"https:\/\/advorius.com\/#organization"},"potentialAction":[{"@type":"SearchAction","target":{"@type":"EntryPoint","urlTemplate":"https:\/\/advorius.com\/?s={search_term_string}"},"query-input":{"@type":"PropertyValueSpecification","valueRequired":true,"valueName":"search_term_string"}}],"inLanguage":"nl-NL"},{"@type":"Organization","@id":"https:\/\/advorius.com\/#organization","name":"Advorius Advocaten","url":"https:\/\/advorius.com\/","logo":{"@type":"ImageObject","inLanguage":"nl-NL","@id":"https:\/\/advorius.com\/#\/schema\/logo\/image\/","url":"https:\/\/advorius.com\/wp-content\/uploads\/2025\/12\/Logo-Advorius-Advocaten_blauw.webp","contentUrl":"https:\/\/advorius.com\/wp-content\/uploads\/2025\/12\/Logo-Advorius-Advocaten_blauw.webp","width":1360,"height":365,"caption":"Advorius Advocaten"},"image":{"@id":"https:\/\/advorius.com\/#\/schema\/logo\/image\/"}}]}},"_links":{"self":[{"href":"https:\/\/advorius.com\/nl\/wp-json\/wp\/v2\/pages\/177","targetHints":{"allow":["GET"]}}],"collection":[{"href":"https:\/\/advorius.com\/nl\/wp-json\/wp\/v2\/pages"}],"about":[{"href":"https:\/\/advorius.com\/nl\/wp-json\/wp\/v2\/types\/page"}],"author":[{"embeddable":true,"href":"https:\/\/advorius.com\/nl\/wp-json\/wp\/v2\/users\/1"}],"replies":[{"embeddable":true,"href":"https:\/\/advorius.com\/nl\/wp-json\/wp\/v2\/comments?post=177"}],"version-history":[{"count":7,"href":"https:\/\/advorius.com\/nl\/wp-json\/wp\/v2\/pages\/177\/revisions"}],"predecessor-version":[{"id":494,"href":"https:\/\/advorius.com\/nl\/wp-json\/wp\/v2\/pages\/177\/revisions\/494"}],"wp:attachment":[{"href":"https:\/\/advorius.com\/nl\/wp-json\/wp\/v2\/media?parent=177"}],"curies":[{"name":"wp","href":"https:\/\/api.w.org\/{rel}","templated":true}]}}