{"id":183,"date":"2025-12-04T10:38:47","date_gmt":"2025-12-04T09:38:47","guid":{"rendered":"https:\/\/advorius.com\/?page_id=183"},"modified":"2025-12-04T16:09:49","modified_gmt":"2025-12-04T15:09:49","slug":"verbraucherrecht","status":"publish","type":"page","link":"https:\/\/advorius.com\/nl\/verbraucherrecht\/","title":{"rendered":"Consumentenrecht"},"content":{"rendered":"<div data-elementor-type=\"wp-page\" data-elementor-id=\"183\" class=\"elementor elementor-183\" data-elementor-post-type=\"page\">\n\t\t\t\t<div class=\"elementor-element elementor-element-c4b5219 e-flex e-con-boxed e-con e-parent\" data-id=\"c4b5219\" data-element_type=\"container\">\n\t\t\t\t\t<div class=\"e-con-inner\">\n\t\t<div class=\"elementor-element elementor-element-4add00c e-con-full e-flex e-con e-child\" data-id=\"4add00c\" data-element_type=\"container\">\n\t\t\t\t<div class=\"elementor-element elementor-element-bda0c26 elementor-widget elementor-widget-heading\" data-id=\"bda0c26\" data-element_type=\"widget\" data-widget_type=\"heading.default\">\n\t\t\t\t\t<h2 class=\"elementor-heading-title elementor-size-default\">Consumentenrecht<\/h2>\t\t\t\t<\/div>\n\t\t\t\t<div class=\"elementor-element elementor-element-ff10b81 elementor-widget elementor-widget-text-editor\" data-id=\"ff10b81\" data-element_type=\"widget\" data-widget_type=\"text-editor.default\">\n\t\t\t\t\t\t\t\t\t<p>Als consument geniet u conform de Europese Verordeningen in Nederland een bijzondere bescherming. Indien u als consument een geschil heeft met een bedrijf toetsen wij voor u of u daadwerkelijk een beroep toekomt op deze bescherming en hoe u deze kunt afdwingen. Immers zal er vaak sprake zijn van een \u2018David tegen Goliath\u2019-situatie waardoor u op die wettelijke bescherming van de consument ook echt aangewezen bent. Het gaat vaak om geschillen over (wettelijke) garantieaanspraken, bewijsvermoedens ten aanzien van gebrekkige producten of diensten, dan wel mogelijke kostenvergoedingen en\/of schadevergoedingsaanspraken van u als consument tegen de professionele partij. Consumentenrecht is vaak van belang bij koopovereenkomsten, overeenkomsten op afstand, zoals online transacties, en bij geschillen in het reisrecht.<\/p><p>Professionele partijen hanteren vaak onduidelijke algemene voorwaarden waarbij in die zogenaamde \u2018kleine lettertjes\u2019 uw rechten worden uitgehold. Dat hoeft u niet zonder meer te accepteren. Wij staan graag te uwer beschikking om u als consument verder te helpen zodat u niet langer van het spreekwoordelijke \u2018kastje naar de muur\u2019 wordt gestuurd.<\/p>\t\t\t\t\t\t\t\t<\/div>\n\t\t\t\t<\/div>\n\t\t<div class=\"elementor-element elementor-element-c15bad0 e-con-full e-flex e-con e-child\" data-id=\"c15bad0\" data-element_type=\"container\">\n\t\t\t\t<div class=\"elementor-element elementor-element-2c0b082 elementor-view-stacked elementor-shape-square elementor-widget elementor-widget-icon\" data-id=\"2c0b082\" data-element_type=\"widget\" data-widget_type=\"icon.default\">\n\t\t\t\t\t\t\t<div class=\"elementor-icon-wrapper\">\n\t\t\t<div class=\"elementor-icon\">\n\t\t\t<svg aria-hidden=\"true\" class=\"e-font-icon-svg e-fas-shopping-cart\" viewbox=\"0 0 576 512\" xmlns=\"http:\/\/www.w3.org\/2000\/svg\"><path d=\"M528.12 301.319l47.273-208C578.806 78.301 567.391 64 551.99 64H159.208l-9.166-44.81C147.758 8.021 137.93 0 126.529 0H24C10.745 0 0 10.745 0 24v16c0 13.255 10.745 24 24 24h69.883l70.248 343.435C147.325 417.1 136 435.222 136 456c0 30.928 25.072 56 56 56s56-25.072 56-56c0-15.674-6.447-29.835-16.824-40h209.647C430.447 426.165 424 440.326 424 456c0 30.928 25.072 56 56 56s56-25.072 56-56c0-22.172-12.888-41.332-31.579-50.405l5.517-24.276c3.413-15.018-8.002-29.319-23.403-29.319H218.117l-6.545-32h293.145c11.206 0 20.92-7.754 23.403-18.681z\"><\/path><\/svg>\t\t\t<\/div>\n\t\t<\/div>\n\t\t\t\t\t\t<\/div>\n\t\t\t\t<\/div>\n\t\t\t\t\t<\/div>\n\t\t\t\t<\/div>\n\t\t\t\t<\/div>","protected":false},"excerpt":{"rendered":"<p>Verbraucherrecht Verbraucher genie\u00dfen auch in den Niederlanden einen besonderen Schutz bei Rechtsgesch\u00e4ften. Wir pr\u00fcfen, ob diesem Gen\u00fcge getan wurde, oder ob sich Ihre Anspr\u00fcche durchsetzen lassen. Meist handelt es sich um Gew\u00e4hrleistungsanspr\u00fcche, Streitigkeiten bez\u00fcglich mangelhafter Produkte oder Dienstleistungen bzw. daraus resultierender Kosten- oder Schadenersatzanspr\u00fcche von Ihnen als Verbraucher gegen\u00fcber dem professionellen Anbieter. Wir pr\u00fcfen, ob [&hellip;]<\/p>","protected":false},"author":1,"featured_media":0,"parent":0,"menu_order":0,"comment_status":"closed","ping_status":"closed","template":"","meta":{"_acf_changed":false,"inline_featured_image":false,"footnotes":""},"class_list":["post-183","page","type-page","status-publish","hentry"],"acf":[],"yoast_head":"<!-- This site is optimized with the Yoast SEO plugin v26.7 - https:\/\/yoast.com\/wordpress\/plugins\/seo\/ -->\n<title>Verbraucherrecht - Advorius Advocaten<\/title>\n<meta name=\"robots\" content=\"index, follow, max-snippet:-1, max-image-preview:large, max-video-preview:-1\" \/>\n<link rel=\"canonical\" href=\"https:\/\/advorius.com\/nl\/verbraucherrecht\/\" \/>\n<meta property=\"og:locale\" content=\"nl_NL\" \/>\n<meta property=\"og:type\" content=\"article\" \/>\n<meta property=\"og:title\" content=\"Verbraucherrecht - Advorius Advocaten\" \/>\n<meta property=\"og:description\" content=\"Verbraucherrecht Verbraucher genie\u00dfen auch in den Niederlanden einen besonderen Schutz bei Rechtsgesch\u00e4ften. Wir pr\u00fcfen, ob diesem Gen\u00fcge getan wurde, oder ob sich Ihre Anspr\u00fcche durchsetzen lassen. Meist handelt es sich um Gew\u00e4hrleistungsanspr\u00fcche, Streitigkeiten bez\u00fcglich mangelhafter Produkte oder Dienstleistungen bzw. daraus resultierender Kosten- oder Schadenersatzanspr\u00fcche von Ihnen als Verbraucher gegen\u00fcber dem professionellen Anbieter. Wir pr\u00fcfen, ob [&hellip;]\" \/>\n<meta property=\"og:url\" content=\"https:\/\/advorius.com\/nl\/verbraucherrecht\/\" \/>\n<meta property=\"og:site_name\" content=\"Advorius Advocaten\" \/>\n<meta property=\"article:modified_time\" content=\"2025-12-04T15:09:49+00:00\" \/>\n<meta name=\"twitter:card\" content=\"summary_large_image\" \/>\n<meta name=\"twitter:label1\" content=\"Geschatte leestijd\" \/>\n\t<meta name=\"twitter:data1\" content=\"1 minuut\" \/>\n<script type=\"application\/ld+json\" class=\"yoast-schema-graph\">{\"@context\":\"https:\/\/schema.org\",\"@graph\":[{\"@type\":\"WebPage\",\"@id\":\"https:\/\/advorius.com\/verbraucherrecht\/\",\"url\":\"https:\/\/advorius.com\/verbraucherrecht\/\",\"name\":\"Verbraucherrecht - Advorius Advocaten\",\"isPartOf\":{\"@id\":\"https:\/\/advorius.com\/#website\"},\"datePublished\":\"2025-12-04T09:38:47+00:00\",\"dateModified\":\"2025-12-04T15:09:49+00:00\",\"breadcrumb\":{\"@id\":\"https:\/\/advorius.com\/verbraucherrecht\/#breadcrumb\"},\"inLanguage\":\"nl-NL\",\"potentialAction\":[{\"@type\":\"ReadAction\",\"target\":[\"https:\/\/advorius.com\/verbraucherrecht\/\"]}]},{\"@type\":\"BreadcrumbList\",\"@id\":\"https:\/\/advorius.com\/verbraucherrecht\/#breadcrumb\",\"itemListElement\":[{\"@type\":\"ListItem\",\"position\":1,\"name\":\"Home\",\"item\":\"https:\/\/advorius.com\/\"},{\"@type\":\"ListItem\",\"position\":2,\"name\":\"Verbraucherrecht\"}]},{\"@type\":\"WebSite\",\"@id\":\"https:\/\/advorius.com\/#website\",\"url\":\"https:\/\/advorius.com\/\",\"name\":\"Advorius Advocaten\",\"description\":\"Ihre rechtsanw&auml;lte in den Niederlanden\",\"publisher\":{\"@id\":\"https:\/\/advorius.com\/#organization\"},\"potentialAction\":[{\"@type\":\"SearchAction\",\"target\":{\"@type\":\"EntryPoint\",\"urlTemplate\":\"https:\/\/advorius.com\/?s={search_term_string}\"},\"query-input\":{\"@type\":\"PropertyValueSpecification\",\"valueRequired\":true,\"valueName\":\"search_term_string\"}}],\"inLanguage\":\"nl-NL\"},{\"@type\":\"Organization\",\"@id\":\"https:\/\/advorius.com\/#organization\",\"name\":\"Advorius Advocaten\",\"url\":\"https:\/\/advorius.com\/\",\"logo\":{\"@type\":\"ImageObject\",\"inLanguage\":\"nl-NL\",\"@id\":\"https:\/\/advorius.com\/#\/schema\/logo\/image\/\",\"url\":\"https:\/\/advorius.com\/wp-content\/uploads\/2025\/12\/Logo-Advorius-Advocaten_blauw.webp\",\"contentUrl\":\"https:\/\/advorius.com\/wp-content\/uploads\/2025\/12\/Logo-Advorius-Advocaten_blauw.webp\",\"width\":1360,\"height\":365,\"caption\":\"Advorius Advocaten\"},\"image\":{\"@id\":\"https:\/\/advorius.com\/#\/schema\/logo\/image\/\"}}]}<\/script>\n<!-- \/ Yoast SEO plugin. -->","yoast_head_json":{"title":"Verbraucherrecht - Advorius Advocaten","robots":{"index":"index","follow":"follow","max-snippet":"max-snippet:-1","max-image-preview":"max-image-preview:large","max-video-preview":"max-video-preview:-1"},"canonical":"https:\/\/advorius.com\/nl\/verbraucherrecht\/","og_locale":"nl_NL","og_type":"article","og_title":"Verbraucherrecht - Advorius Advocaten","og_description":"Verbraucherrecht Verbraucher genie\u00dfen auch in den Niederlanden einen besonderen Schutz bei Rechtsgesch\u00e4ften. Wir pr\u00fcfen, ob diesem Gen\u00fcge getan wurde, oder ob sich Ihre Anspr\u00fcche durchsetzen lassen. Meist handelt es sich um Gew\u00e4hrleistungsanspr\u00fcche, Streitigkeiten bez\u00fcglich mangelhafter Produkte oder Dienstleistungen bzw. daraus resultierender Kosten- oder Schadenersatzanspr\u00fcche von Ihnen als Verbraucher gegen\u00fcber dem professionellen Anbieter. Wir pr\u00fcfen, ob [&hellip;]","og_url":"https:\/\/advorius.com\/nl\/verbraucherrecht\/","og_site_name":"Advorius Advocaten","article_modified_time":"2025-12-04T15:09:49+00:00","twitter_card":"summary_large_image","twitter_misc":{"Geschatte leestijd":"1 minuut"},"schema":{"@context":"https:\/\/schema.org","@graph":[{"@type":"WebPage","@id":"https:\/\/advorius.com\/verbraucherrecht\/","url":"https:\/\/advorius.com\/verbraucherrecht\/","name":"Verbraucherrecht - Advorius Advocaten","isPartOf":{"@id":"https:\/\/advorius.com\/#website"},"datePublished":"2025-12-04T09:38:47+00:00","dateModified":"2025-12-04T15:09:49+00:00","breadcrumb":{"@id":"https:\/\/advorius.com\/verbraucherrecht\/#breadcrumb"},"inLanguage":"nl-NL","potentialAction":[{"@type":"ReadAction","target":["https:\/\/advorius.com\/verbraucherrecht\/"]}]},{"@type":"BreadcrumbList","@id":"https:\/\/advorius.com\/verbraucherrecht\/#breadcrumb","itemListElement":[{"@type":"ListItem","position":1,"name":"Home","item":"https:\/\/advorius.com\/"},{"@type":"ListItem","position":2,"name":"Verbraucherrecht"}]},{"@type":"WebSite","@id":"https:\/\/advorius.com\/#website","url":"https:\/\/advorius.com\/","name":"Advorius Advocaten","description":"Ihre rechtsanw&auml;lte in den Niederlanden","publisher":{"@id":"https:\/\/advorius.com\/#organization"},"potentialAction":[{"@type":"SearchAction","target":{"@type":"EntryPoint","urlTemplate":"https:\/\/advorius.com\/?s={search_term_string}"},"query-input":{"@type":"PropertyValueSpecification","valueRequired":true,"valueName":"search_term_string"}}],"inLanguage":"nl-NL"},{"@type":"Organization","@id":"https:\/\/advorius.com\/#organization","name":"Advorius Advocaten","url":"https:\/\/advorius.com\/","logo":{"@type":"ImageObject","inLanguage":"nl-NL","@id":"https:\/\/advorius.com\/#\/schema\/logo\/image\/","url":"https:\/\/advorius.com\/wp-content\/uploads\/2025\/12\/Logo-Advorius-Advocaten_blauw.webp","contentUrl":"https:\/\/advorius.com\/wp-content\/uploads\/2025\/12\/Logo-Advorius-Advocaten_blauw.webp","width":1360,"height":365,"caption":"Advorius Advocaten"},"image":{"@id":"https:\/\/advorius.com\/#\/schema\/logo\/image\/"}}]}},"_links":{"self":[{"href":"https:\/\/advorius.com\/nl\/wp-json\/wp\/v2\/pages\/183","targetHints":{"allow":["GET"]}}],"collection":[{"href":"https:\/\/advorius.com\/nl\/wp-json\/wp\/v2\/pages"}],"about":[{"href":"https:\/\/advorius.com\/nl\/wp-json\/wp\/v2\/types\/page"}],"author":[{"embeddable":true,"href":"https:\/\/advorius.com\/nl\/wp-json\/wp\/v2\/users\/1"}],"replies":[{"embeddable":true,"href":"https:\/\/advorius.com\/nl\/wp-json\/wp\/v2\/comments?post=183"}],"version-history":[{"count":4,"href":"https:\/\/advorius.com\/nl\/wp-json\/wp\/v2\/pages\/183\/revisions"}],"predecessor-version":[{"id":500,"href":"https:\/\/advorius.com\/nl\/wp-json\/wp\/v2\/pages\/183\/revisions\/500"}],"wp:attachment":[{"href":"https:\/\/advorius.com\/nl\/wp-json\/wp\/v2\/media?parent=183"}],"curies":[{"name":"wp","href":"https:\/\/api.w.org\/{rel}","templated":true}]}}