{"id":185,"date":"2025-12-04T10:38:55","date_gmt":"2025-12-04T09:38:55","guid":{"rendered":"https:\/\/advorius.com\/?page_id=185"},"modified":"2025-12-04T15:52:26","modified_gmt":"2025-12-04T14:52:26","slug":"bu%ce%b2geld-und-strafverfahren","status":"publish","type":"page","link":"https:\/\/advorius.com\/nl\/bu%ce%b2geld-und-strafverfahren\/","title":{"rendered":"Boetes en strafrechtelijke procedure"},"content":{"rendered":"<div data-elementor-type=\"wp-page\" data-elementor-id=\"185\" class=\"elementor elementor-185\" data-elementor-post-type=\"page\">\n\t\t\t\t<div class=\"elementor-element elementor-element-8218a4f e-flex e-con-boxed e-con e-parent\" data-id=\"8218a4f\" data-element_type=\"container\">\n\t\t\t\t\t<div class=\"e-con-inner\">\n\t\t<div class=\"elementor-element elementor-element-98ac549 e-con-full e-flex e-con e-child\" data-id=\"98ac549\" data-element_type=\"container\">\n\t\t\t\t<div class=\"elementor-element elementor-element-1a04aa0 elementor-widget elementor-widget-heading\" data-id=\"1a04aa0\" data-element_type=\"widget\" data-widget_type=\"heading.default\">\n\t\t\t\t\t<h2 class=\"elementor-heading-title elementor-size-default\">Boetes en Strafrecht<\/h2>\t\t\t\t<\/div>\n\t\t\t\t<div class=\"elementor-element elementor-element-633a65c elementor-widget elementor-widget-text-editor\" data-id=\"633a65c\" data-element_type=\"widget\" data-widget_type=\"text-editor.default\">\n\t\t\t\t\t\t\t\t\t<p>Indien u een verkeersboete, een strafbeschikking, dan wel dagvaarding van de officier, of oproep van de strafrechter heeft ontvangen kunt u eveneens een beroep op ons doen. Daarbij zij aangetekend dat wij ons toeleggen op (internationale) strafrechtelijke kwesties die zich vanuit onze overige (civiele) praktijkuitoefening voordoen of daarmee verband houden. Zo behandelen wij wel boetes en strafbeschikkingen voor lichte(re) vergrijpen, zoals verkeers-, economische- en milieudelicten, echter overige strafrechtelijke procedures (misdrijven) uitsluitend voor zover deze verband houden met onze civiele praktijk, zoals de strafrechtelijk verdediging tegen de vervolging van een verdachte van een al dan niet onder invloed veroorzaakt ernstig verkeersongeval met letsel ten gevolge (artikel 6 WVW).<\/p><p>Wij behandelen zowel administratieve bezwaar- en beroepsprocedures bij het Openbaar Ministerie en de kantonrechter, als ook strafzaken bij de politierechter en meervoudige strafkamer. Ook bij tijdelijke (bewarende) maatregelen, zoals invordering van uw rijbewijs of strafrechtelijk beslag kunt u een beroep op ons doen. Wij treden in het strafproces bovendien regelmatig op namens slachtoffers.<\/p><p>U kunt uw strafrechtelijke kwestie, ook als u twijfelt, altijd ter beoordeling aan ons voorleggen. Indien wij voorzien dat wij uw belangen onvoldoende zullen kunnen behartigen zullen wij u uiteraard binnen ons netwerk van internationale specialisten naar een geschikte advocaat in Nederland of Duitsland doorverwijzen.<\/p>\t\t\t\t\t\t\t\t<\/div>\n\t\t\t\t<\/div>\n\t\t<div class=\"elementor-element elementor-element-b228e39 e-con-full e-flex e-con e-child\" data-id=\"b228e39\" data-element_type=\"container\">\n\t\t\t\t<div class=\"elementor-element elementor-element-e4c5446 elementor-view-stacked elementor-shape-square elementor-widget elementor-widget-icon\" data-id=\"e4c5446\" data-element_type=\"widget\" data-widget_type=\"icon.default\">\n\t\t\t\t\t\t\t<div class=\"elementor-icon-wrapper\">\n\t\t\t<div class=\"elementor-icon\">\n\t\t\t<svg aria-hidden=\"true\" class=\"e-font-icon-svg e-fas-tachometer-alt\" viewbox=\"0 0 576 512\" xmlns=\"http:\/\/www.w3.org\/2000\/svg\"><path d=\"M288 32C128.94 32 0 160.94 0 320c0 52.8 14.25 102.26 39.06 144.8 5.61 9.62 16.3 15.2 27.44 15.2h443c11.14 0 21.83-5.58 27.44-15.2C561.75 422.26 576 372.8 576 320c0-159.06-128.94-288-288-288zm0 64c14.71 0 26.58 10.13 30.32 23.65-1.11 2.26-2.64 4.23-3.45 6.67l-9.22 27.67c-5.13 3.49-10.97 6.01-17.64 6.01-17.67 0-32-14.33-32-32S270.33 96 288 96zM96 384c-17.67 0-32-14.33-32-32s14.33-32 32-32 32 14.33 32 32-14.33 32-32 32zm48-160c-17.67 0-32-14.33-32-32s14.33-32 32-32 32 14.33 32 32-14.33 32-32 32zm246.77-72.41l-61.33 184C343.13 347.33 352 364.54 352 384c0 11.72-3.38 22.55-8.88 32H232.88c-5.5-9.45-8.88-20.28-8.88-32 0-33.94 26.5-61.43 59.9-63.59l61.34-184.01c4.17-12.56 17.73-19.45 30.36-15.17 12.57 4.19 19.35 17.79 15.17 30.36zm14.66 57.2l15.52-46.55c3.47-1.29 7.13-2.23 11.05-2.23 17.67 0 32 14.33 32 32s-14.33 32-32 32c-11.38-.01-20.89-6.28-26.57-15.22zM480 384c-17.67 0-32-14.33-32-32s14.33-32 32-32 32 14.33 32 32-14.33 32-32 32z\"><\/path><\/svg>\t\t\t<\/div>\n\t\t<\/div>\n\t\t\t\t\t\t<\/div>\n\t\t\t\t<\/div>\n\t\t\t\t\t<\/div>\n\t\t\t\t<\/div>\n\t\t\t\t<\/div>","protected":false},"excerpt":{"rendered":"<p>Bu\u00dfgeld- und Strafverfahren Wenn Sie einen Bu\u00dfgeldbescheid, ein Strafgeld, eine Vorladung vom Staatsanwalt oder vom Strafgericht erhalten haben, \u00fcbernehmen wir gerne Ihre Verteidigung. In F\u00e4llen von Ordnungswidrigkeiten z.B. Geschwindigkeitsverst\u00f6\u00dfen f\u00fchren stark automatisierte Kontrollsysteme seitens der niederl\u00e4ndischen Strafverfolgungsbeh\u00f6rden regelm\u00e4\u00dfig zu Fehlern, die wir f\u00fcr Sie richtigstellen oder zu Ihren Gunsten einsetzen. Wir weisen darauf hin, dass [&hellip;]<\/p>","protected":false},"author":1,"featured_media":0,"parent":0,"menu_order":0,"comment_status":"closed","ping_status":"closed","template":"","meta":{"_acf_changed":false,"inline_featured_image":false,"footnotes":""},"class_list":["post-185","page","type-page","status-publish","hentry"],"acf":[],"yoast_head":"<!-- This site is optimized with the Yoast SEO plugin v26.7 - https:\/\/yoast.com\/wordpress\/plugins\/seo\/ -->\n<title>Bu\u03b2geld- und Strafverfahren - Advorius Advocaten<\/title>\n<meta name=\"robots\" content=\"index, follow, max-snippet:-1, max-image-preview:large, max-video-preview:-1\" \/>\n<link rel=\"canonical\" href=\"https:\/\/advorius.com\/nl\/bu\u03b2geld-und-strafverfahren\/\" \/>\n<meta property=\"og:locale\" content=\"nl_NL\" \/>\n<meta property=\"og:type\" content=\"article\" \/>\n<meta property=\"og:title\" content=\"Bu\u03b2geld- und Strafverfahren - Advorius Advocaten\" \/>\n<meta property=\"og:description\" content=\"Bu\u00dfgeld- und Strafverfahren Wenn Sie einen Bu\u00dfgeldbescheid, ein Strafgeld, eine Vorladung vom Staatsanwalt oder vom Strafgericht erhalten haben, \u00fcbernehmen wir gerne Ihre Verteidigung. In F\u00e4llen von Ordnungswidrigkeiten z.B. Geschwindigkeitsverst\u00f6\u00dfen f\u00fchren stark automatisierte Kontrollsysteme seitens der niederl\u00e4ndischen Strafverfolgungsbeh\u00f6rden regelm\u00e4\u00dfig zu Fehlern, die wir f\u00fcr Sie richtigstellen oder zu Ihren Gunsten einsetzen. Wir weisen darauf hin, dass [&hellip;]\" \/>\n<meta property=\"og:url\" content=\"https:\/\/advorius.com\/nl\/bu\u03b2geld-und-strafverfahren\/\" \/>\n<meta property=\"og:site_name\" content=\"Advorius Advocaten\" \/>\n<meta property=\"article:modified_time\" content=\"2025-12-04T14:52:26+00:00\" \/>\n<meta name=\"twitter:card\" content=\"summary_large_image\" \/>\n<meta name=\"twitter:label1\" content=\"Geschatte leestijd\" \/>\n\t<meta name=\"twitter:data1\" content=\"1 minuut\" \/>\n<script type=\"application\/ld+json\" class=\"yoast-schema-graph\">{\"@context\":\"https:\/\/schema.org\",\"@graph\":[{\"@type\":\"WebPage\",\"@id\":\"https:\/\/advorius.com\/bu%ce%b2geld-und-strafverfahren\/\",\"url\":\"https:\/\/advorius.com\/bu%ce%b2geld-und-strafverfahren\/\",\"name\":\"Bu\u03b2geld- und Strafverfahren - Advorius Advocaten\",\"isPartOf\":{\"@id\":\"https:\/\/advorius.com\/#website\"},\"datePublished\":\"2025-12-04T09:38:55+00:00\",\"dateModified\":\"2025-12-04T14:52:26+00:00\",\"breadcrumb\":{\"@id\":\"https:\/\/advorius.com\/bu%ce%b2geld-und-strafverfahren\/#breadcrumb\"},\"inLanguage\":\"nl-NL\",\"potentialAction\":[{\"@type\":\"ReadAction\",\"target\":[\"https:\/\/advorius.com\/bu%ce%b2geld-und-strafverfahren\/\"]}]},{\"@type\":\"BreadcrumbList\",\"@id\":\"https:\/\/advorius.com\/bu%ce%b2geld-und-strafverfahren\/#breadcrumb\",\"itemListElement\":[{\"@type\":\"ListItem\",\"position\":1,\"name\":\"Home\",\"item\":\"https:\/\/advorius.com\/\"},{\"@type\":\"ListItem\",\"position\":2,\"name\":\"Bu\u03b2geld- und Strafverfahren\"}]},{\"@type\":\"WebSite\",\"@id\":\"https:\/\/advorius.com\/#website\",\"url\":\"https:\/\/advorius.com\/\",\"name\":\"Advorius Advocaten\",\"description\":\"Ihre rechtsanw&auml;lte in den Niederlanden\",\"publisher\":{\"@id\":\"https:\/\/advorius.com\/#organization\"},\"potentialAction\":[{\"@type\":\"SearchAction\",\"target\":{\"@type\":\"EntryPoint\",\"urlTemplate\":\"https:\/\/advorius.com\/?s={search_term_string}\"},\"query-input\":{\"@type\":\"PropertyValueSpecification\",\"valueRequired\":true,\"valueName\":\"search_term_string\"}}],\"inLanguage\":\"nl-NL\"},{\"@type\":\"Organization\",\"@id\":\"https:\/\/advorius.com\/#organization\",\"name\":\"Advorius Advocaten\",\"url\":\"https:\/\/advorius.com\/\",\"logo\":{\"@type\":\"ImageObject\",\"inLanguage\":\"nl-NL\",\"@id\":\"https:\/\/advorius.com\/#\/schema\/logo\/image\/\",\"url\":\"https:\/\/advorius.com\/wp-content\/uploads\/2025\/12\/Logo-Advorius-Advocaten_blauw.webp\",\"contentUrl\":\"https:\/\/advorius.com\/wp-content\/uploads\/2025\/12\/Logo-Advorius-Advocaten_blauw.webp\",\"width\":1360,\"height\":365,\"caption\":\"Advorius Advocaten\"},\"image\":{\"@id\":\"https:\/\/advorius.com\/#\/schema\/logo\/image\/\"}}]}<\/script>\n<!-- \/ Yoast SEO plugin. -->","yoast_head_json":{"title":"Bu\u03b2geld- und Strafverfahren - Advorius Advocaten","robots":{"index":"index","follow":"follow","max-snippet":"max-snippet:-1","max-image-preview":"max-image-preview:large","max-video-preview":"max-video-preview:-1"},"canonical":"https:\/\/advorius.com\/nl\/bu\u03b2geld-und-strafverfahren\/","og_locale":"nl_NL","og_type":"article","og_title":"Bu\u03b2geld- und Strafverfahren - Advorius Advocaten","og_description":"Bu\u00dfgeld- und Strafverfahren Wenn Sie einen Bu\u00dfgeldbescheid, ein Strafgeld, eine Vorladung vom Staatsanwalt oder vom Strafgericht erhalten haben, \u00fcbernehmen wir gerne Ihre Verteidigung. In F\u00e4llen von Ordnungswidrigkeiten z.B. Geschwindigkeitsverst\u00f6\u00dfen f\u00fchren stark automatisierte Kontrollsysteme seitens der niederl\u00e4ndischen Strafverfolgungsbeh\u00f6rden regelm\u00e4\u00dfig zu Fehlern, die wir f\u00fcr Sie richtigstellen oder zu Ihren Gunsten einsetzen. Wir weisen darauf hin, dass [&hellip;]","og_url":"https:\/\/advorius.com\/nl\/bu\u03b2geld-und-strafverfahren\/","og_site_name":"Advorius Advocaten","article_modified_time":"2025-12-04T14:52:26+00:00","twitter_card":"summary_large_image","twitter_misc":{"Geschatte leestijd":"1 minuut"},"schema":{"@context":"https:\/\/schema.org","@graph":[{"@type":"WebPage","@id":"https:\/\/advorius.com\/bu%ce%b2geld-und-strafverfahren\/","url":"https:\/\/advorius.com\/bu%ce%b2geld-und-strafverfahren\/","name":"Bu\u03b2geld- und Strafverfahren - Advorius Advocaten","isPartOf":{"@id":"https:\/\/advorius.com\/#website"},"datePublished":"2025-12-04T09:38:55+00:00","dateModified":"2025-12-04T14:52:26+00:00","breadcrumb":{"@id":"https:\/\/advorius.com\/bu%ce%b2geld-und-strafverfahren\/#breadcrumb"},"inLanguage":"nl-NL","potentialAction":[{"@type":"ReadAction","target":["https:\/\/advorius.com\/bu%ce%b2geld-und-strafverfahren\/"]}]},{"@type":"BreadcrumbList","@id":"https:\/\/advorius.com\/bu%ce%b2geld-und-strafverfahren\/#breadcrumb","itemListElement":[{"@type":"ListItem","position":1,"name":"Home","item":"https:\/\/advorius.com\/"},{"@type":"ListItem","position":2,"name":"Bu\u03b2geld- und Strafverfahren"}]},{"@type":"WebSite","@id":"https:\/\/advorius.com\/#website","url":"https:\/\/advorius.com\/","name":"Advorius Advocaten","description":"Ihre rechtsanw&auml;lte in den Niederlanden","publisher":{"@id":"https:\/\/advorius.com\/#organization"},"potentialAction":[{"@type":"SearchAction","target":{"@type":"EntryPoint","urlTemplate":"https:\/\/advorius.com\/?s={search_term_string}"},"query-input":{"@type":"PropertyValueSpecification","valueRequired":true,"valueName":"search_term_string"}}],"inLanguage":"nl-NL"},{"@type":"Organization","@id":"https:\/\/advorius.com\/#organization","name":"Advorius Advocaten","url":"https:\/\/advorius.com\/","logo":{"@type":"ImageObject","inLanguage":"nl-NL","@id":"https:\/\/advorius.com\/#\/schema\/logo\/image\/","url":"https:\/\/advorius.com\/wp-content\/uploads\/2025\/12\/Logo-Advorius-Advocaten_blauw.webp","contentUrl":"https:\/\/advorius.com\/wp-content\/uploads\/2025\/12\/Logo-Advorius-Advocaten_blauw.webp","width":1360,"height":365,"caption":"Advorius Advocaten"},"image":{"@id":"https:\/\/advorius.com\/#\/schema\/logo\/image\/"}}]}},"_links":{"self":[{"href":"https:\/\/advorius.com\/nl\/wp-json\/wp\/v2\/pages\/185","targetHints":{"allow":["GET"]}}],"collection":[{"href":"https:\/\/advorius.com\/nl\/wp-json\/wp\/v2\/pages"}],"about":[{"href":"https:\/\/advorius.com\/nl\/wp-json\/wp\/v2\/types\/page"}],"author":[{"embeddable":true,"href":"https:\/\/advorius.com\/nl\/wp-json\/wp\/v2\/users\/1"}],"replies":[{"embeddable":true,"href":"https:\/\/advorius.com\/nl\/wp-json\/wp\/v2\/comments?post=185"}],"version-history":[{"count":5,"href":"https:\/\/advorius.com\/nl\/wp-json\/wp\/v2\/pages\/185\/revisions"}],"predecessor-version":[{"id":720,"href":"https:\/\/advorius.com\/nl\/wp-json\/wp\/v2\/pages\/185\/revisions\/720"}],"wp:attachment":[{"href":"https:\/\/advorius.com\/nl\/wp-json\/wp\/v2\/media?parent=185"}],"curies":[{"name":"wp","href":"https:\/\/api.w.org\/{rel}","templated":true}]}}