{"id":187,"date":"2025-12-04T10:39:00","date_gmt":"2025-12-04T09:39:00","guid":{"rendered":"https:\/\/advorius.com\/?page_id=187"},"modified":"2025-12-04T16:03:34","modified_gmt":"2025-12-04T15:03:34","slug":"inkasso","status":"publish","type":"page","link":"https:\/\/advorius.com\/nl\/inkasso\/","title":{"rendered":"Incasso"},"content":{"rendered":"<div data-elementor-type=\"wp-page\" data-elementor-id=\"187\" class=\"elementor elementor-187\" data-elementor-post-type=\"page\">\n\t\t\t\t<div class=\"elementor-element elementor-element-87f58d0 e-flex e-con-boxed e-con e-parent\" data-id=\"87f58d0\" data-element_type=\"container\">\n\t\t\t\t\t<div class=\"e-con-inner\">\n\t\t<div class=\"elementor-element elementor-element-c337f89 e-con-full e-flex e-con e-child\" data-id=\"c337f89\" data-element_type=\"container\">\n\t\t\t\t<div class=\"elementor-element elementor-element-7da8e87 elementor-widget elementor-widget-heading\" data-id=\"7da8e87\" data-element_type=\"widget\" data-widget_type=\"heading.default\">\n\t\t\t\t\t<h2 class=\"elementor-heading-title elementor-size-default\">Incasso<\/h2>\t\t\t\t<\/div>\n\t\t\t\t<div class=\"elementor-element elementor-element-54b467d elementor-widget elementor-widget-text-editor\" data-id=\"54b467d\" data-element_type=\"widget\" data-widget_type=\"text-editor.default\">\n\t\t\t\t\t\t\t\t\t<p>Worden uw facturen niet betaald? Of beschikt u al over een vonnis van de rechter tegen uw schuldenaar? Heeft u (krediet)zekerheidsrechten die u in wilt roepen? Wij verzorgen graag uw volledige incassotraject; van sommatiebrief, gerechtelijke procedure, tot het treffen van (internationale) executiemaatregelen op basis van een vonnis, of tussentijds verlof van de rechtbank. Wij zullen gezamenlijk met u nagaan welk incassotraject het beste gevolgd kan worden en welke alternatieven er zijn.<\/p><p>Indien uw debiteur in het buitenland gevestigd is, of aldaar verblijft, zal tevens beoordeeld worden op welke voorwaarden een executoriale titel verkregen kan worden die in dat betreffende land door een deurwaarder ge\u00ebxecuteerd kan worden en welke kosten daaraan doorgaans verbonden zullen zijn. Internationale incasso vergt een kosten-batenanalyse waarin voorspelbaarheid van belang is. Uiteraard hebben wij veel ervaring met incassotrajecten van Duitsland naar Nederland en vice versa.<\/p>\t\t\t\t\t\t\t\t<\/div>\n\t\t\t\t<\/div>\n\t\t<div class=\"elementor-element elementor-element-9cde0f6 e-con-full e-flex e-con e-child\" data-id=\"9cde0f6\" data-element_type=\"container\">\n\t\t\t\t<div class=\"elementor-element elementor-element-cbdcda0 elementor-view-stacked elementor-shape-square elementor-widget elementor-widget-icon\" data-id=\"cbdcda0\" data-element_type=\"widget\" data-widget_type=\"icon.default\">\n\t\t\t\t\t\t\t<div class=\"elementor-icon-wrapper\">\n\t\t\t<div class=\"elementor-icon\">\n\t\t\t<svg aria-hidden=\"true\" class=\"e-font-icon-svg e-fas-money-bill-alt\" viewbox=\"0 0 640 512\" xmlns=\"http:\/\/www.w3.org\/2000\/svg\"><path d=\"M352 288h-16v-88c0-4.42-3.58-8-8-8h-13.58c-4.74 0-9.37 1.4-13.31 4.03l-15.33 10.22a7.994 7.994 0 0 0-2.22 11.09l8.88 13.31a7.994 7.994 0 0 0 11.09 2.22l.47-.31V288h-16c-4.42 0-8 3.58-8 8v16c0 4.42 3.58 8 8 8h64c4.42 0 8-3.58 8-8v-16c0-4.42-3.58-8-8-8zM608 64H32C14.33 64 0 78.33 0 96v320c0 17.67 14.33 32 32 32h576c17.67 0 32-14.33 32-32V96c0-17.67-14.33-32-32-32zM48 400v-64c35.35 0 64 28.65 64 64H48zm0-224v-64h64c0 35.35-28.65 64-64 64zm272 192c-53.02 0-96-50.15-96-112 0-61.86 42.98-112 96-112s96 50.14 96 112c0 61.87-43 112-96 112zm272 32h-64c0-35.35 28.65-64 64-64v64zm0-224c-35.35 0-64-28.65-64-64h64v64z\"><\/path><\/svg>\t\t\t<\/div>\n\t\t<\/div>\n\t\t\t\t\t\t<\/div>\n\t\t\t\t<\/div>\n\t\t\t\t\t<\/div>\n\t\t\t\t<\/div>\n\t\t\t\t<\/div>","protected":false},"excerpt":{"rendered":"<p>Inkasso Sofern Sie Forderungen in den Niederlanden geltend machen m\u00fcssen, \u00fcbernehmen wir das gesamte Inkassoverfahren vom au\u00dfergerichtlichen Aufforderungsschreiben \u00fcber die gerichtliche Geltendmachung bis notfalls hin zur Beitreibung der titulierten Anspr\u00fcche im (internationalen) Zwangsvollstreckungsverfahren. Im Rahmen der internationalen Geltendmachung ist es wichtig, im Vorfeld eine Abw\u00e4gung zum Kosten-Nutzen-Verh\u00e4ltnis zu machen; dabei ist die Unterst\u00fctzung durch einen [&hellip;]<\/p>","protected":false},"author":1,"featured_media":0,"parent":0,"menu_order":0,"comment_status":"closed","ping_status":"closed","template":"","meta":{"_acf_changed":false,"inline_featured_image":false,"footnotes":""},"class_list":["post-187","page","type-page","status-publish","hentry"],"acf":[],"yoast_head":"<!-- This site is optimized with the Yoast SEO plugin v26.7 - https:\/\/yoast.com\/wordpress\/plugins\/seo\/ -->\n<title>Inkasso - Advorius Advocaten<\/title>\n<meta name=\"robots\" content=\"index, follow, max-snippet:-1, max-image-preview:large, max-video-preview:-1\" \/>\n<link rel=\"canonical\" href=\"https:\/\/advorius.com\/nl\/inkasso\/\" \/>\n<meta property=\"og:locale\" content=\"nl_NL\" \/>\n<meta property=\"og:type\" content=\"article\" \/>\n<meta property=\"og:title\" content=\"Inkasso - Advorius Advocaten\" \/>\n<meta property=\"og:description\" content=\"Inkasso Sofern Sie Forderungen in den Niederlanden geltend machen m\u00fcssen, \u00fcbernehmen wir das gesamte Inkassoverfahren vom au\u00dfergerichtlichen Aufforderungsschreiben \u00fcber die gerichtliche Geltendmachung bis notfalls hin zur Beitreibung der titulierten Anspr\u00fcche im (internationalen) Zwangsvollstreckungsverfahren. Im Rahmen der internationalen Geltendmachung ist es wichtig, im Vorfeld eine Abw\u00e4gung zum Kosten-Nutzen-Verh\u00e4ltnis zu machen; dabei ist die Unterst\u00fctzung durch einen [&hellip;]\" \/>\n<meta property=\"og:url\" content=\"https:\/\/advorius.com\/nl\/inkasso\/\" \/>\n<meta property=\"og:site_name\" content=\"Advorius Advocaten\" \/>\n<meta property=\"article:modified_time\" content=\"2025-12-04T15:03:34+00:00\" \/>\n<meta name=\"twitter:card\" content=\"summary_large_image\" \/>\n<meta name=\"twitter:label1\" content=\"Geschatte leestijd\" \/>\n\t<meta name=\"twitter:data1\" content=\"1 minuut\" \/>\n<script type=\"application\/ld+json\" class=\"yoast-schema-graph\">{\"@context\":\"https:\/\/schema.org\",\"@graph\":[{\"@type\":\"WebPage\",\"@id\":\"https:\/\/advorius.com\/inkasso\/\",\"url\":\"https:\/\/advorius.com\/inkasso\/\",\"name\":\"Inkasso - Advorius Advocaten\",\"isPartOf\":{\"@id\":\"https:\/\/advorius.com\/#website\"},\"datePublished\":\"2025-12-04T09:39:00+00:00\",\"dateModified\":\"2025-12-04T15:03:34+00:00\",\"breadcrumb\":{\"@id\":\"https:\/\/advorius.com\/inkasso\/#breadcrumb\"},\"inLanguage\":\"nl-NL\",\"potentialAction\":[{\"@type\":\"ReadAction\",\"target\":[\"https:\/\/advorius.com\/inkasso\/\"]}]},{\"@type\":\"BreadcrumbList\",\"@id\":\"https:\/\/advorius.com\/inkasso\/#breadcrumb\",\"itemListElement\":[{\"@type\":\"ListItem\",\"position\":1,\"name\":\"Home\",\"item\":\"https:\/\/advorius.com\/\"},{\"@type\":\"ListItem\",\"position\":2,\"name\":\"Inkasso\"}]},{\"@type\":\"WebSite\",\"@id\":\"https:\/\/advorius.com\/#website\",\"url\":\"https:\/\/advorius.com\/\",\"name\":\"Advorius Advocaten\",\"description\":\"Ihre rechtsanw&auml;lte in den Niederlanden\",\"publisher\":{\"@id\":\"https:\/\/advorius.com\/#organization\"},\"potentialAction\":[{\"@type\":\"SearchAction\",\"target\":{\"@type\":\"EntryPoint\",\"urlTemplate\":\"https:\/\/advorius.com\/?s={search_term_string}\"},\"query-input\":{\"@type\":\"PropertyValueSpecification\",\"valueRequired\":true,\"valueName\":\"search_term_string\"}}],\"inLanguage\":\"nl-NL\"},{\"@type\":\"Organization\",\"@id\":\"https:\/\/advorius.com\/#organization\",\"name\":\"Advorius Advocaten\",\"url\":\"https:\/\/advorius.com\/\",\"logo\":{\"@type\":\"ImageObject\",\"inLanguage\":\"nl-NL\",\"@id\":\"https:\/\/advorius.com\/#\/schema\/logo\/image\/\",\"url\":\"https:\/\/advorius.com\/wp-content\/uploads\/2025\/12\/Logo-Advorius-Advocaten_blauw.webp\",\"contentUrl\":\"https:\/\/advorius.com\/wp-content\/uploads\/2025\/12\/Logo-Advorius-Advocaten_blauw.webp\",\"width\":1360,\"height\":365,\"caption\":\"Advorius Advocaten\"},\"image\":{\"@id\":\"https:\/\/advorius.com\/#\/schema\/logo\/image\/\"}}]}<\/script>\n<!-- \/ Yoast SEO plugin. -->","yoast_head_json":{"title":"Inkasso - Advorius Advocaten","robots":{"index":"index","follow":"follow","max-snippet":"max-snippet:-1","max-image-preview":"max-image-preview:large","max-video-preview":"max-video-preview:-1"},"canonical":"https:\/\/advorius.com\/nl\/inkasso\/","og_locale":"nl_NL","og_type":"article","og_title":"Inkasso - Advorius Advocaten","og_description":"Inkasso Sofern Sie Forderungen in den Niederlanden geltend machen m\u00fcssen, \u00fcbernehmen wir das gesamte Inkassoverfahren vom au\u00dfergerichtlichen Aufforderungsschreiben \u00fcber die gerichtliche Geltendmachung bis notfalls hin zur Beitreibung der titulierten Anspr\u00fcche im (internationalen) Zwangsvollstreckungsverfahren. Im Rahmen der internationalen Geltendmachung ist es wichtig, im Vorfeld eine Abw\u00e4gung zum Kosten-Nutzen-Verh\u00e4ltnis zu machen; dabei ist die Unterst\u00fctzung durch einen [&hellip;]","og_url":"https:\/\/advorius.com\/nl\/inkasso\/","og_site_name":"Advorius Advocaten","article_modified_time":"2025-12-04T15:03:34+00:00","twitter_card":"summary_large_image","twitter_misc":{"Geschatte leestijd":"1 minuut"},"schema":{"@context":"https:\/\/schema.org","@graph":[{"@type":"WebPage","@id":"https:\/\/advorius.com\/inkasso\/","url":"https:\/\/advorius.com\/inkasso\/","name":"Inkasso - Advorius Advocaten","isPartOf":{"@id":"https:\/\/advorius.com\/#website"},"datePublished":"2025-12-04T09:39:00+00:00","dateModified":"2025-12-04T15:03:34+00:00","breadcrumb":{"@id":"https:\/\/advorius.com\/inkasso\/#breadcrumb"},"inLanguage":"nl-NL","potentialAction":[{"@type":"ReadAction","target":["https:\/\/advorius.com\/inkasso\/"]}]},{"@type":"BreadcrumbList","@id":"https:\/\/advorius.com\/inkasso\/#breadcrumb","itemListElement":[{"@type":"ListItem","position":1,"name":"Home","item":"https:\/\/advorius.com\/"},{"@type":"ListItem","position":2,"name":"Inkasso"}]},{"@type":"WebSite","@id":"https:\/\/advorius.com\/#website","url":"https:\/\/advorius.com\/","name":"Advorius Advocaten","description":"Ihre rechtsanw&auml;lte in den Niederlanden","publisher":{"@id":"https:\/\/advorius.com\/#organization"},"potentialAction":[{"@type":"SearchAction","target":{"@type":"EntryPoint","urlTemplate":"https:\/\/advorius.com\/?s={search_term_string}"},"query-input":{"@type":"PropertyValueSpecification","valueRequired":true,"valueName":"search_term_string"}}],"inLanguage":"nl-NL"},{"@type":"Organization","@id":"https:\/\/advorius.com\/#organization","name":"Advorius Advocaten","url":"https:\/\/advorius.com\/","logo":{"@type":"ImageObject","inLanguage":"nl-NL","@id":"https:\/\/advorius.com\/#\/schema\/logo\/image\/","url":"https:\/\/advorius.com\/wp-content\/uploads\/2025\/12\/Logo-Advorius-Advocaten_blauw.webp","contentUrl":"https:\/\/advorius.com\/wp-content\/uploads\/2025\/12\/Logo-Advorius-Advocaten_blauw.webp","width":1360,"height":365,"caption":"Advorius Advocaten"},"image":{"@id":"https:\/\/advorius.com\/#\/schema\/logo\/image\/"}}]}},"_links":{"self":[{"href":"https:\/\/advorius.com\/nl\/wp-json\/wp\/v2\/pages\/187","targetHints":{"allow":["GET"]}}],"collection":[{"href":"https:\/\/advorius.com\/nl\/wp-json\/wp\/v2\/pages"}],"about":[{"href":"https:\/\/advorius.com\/nl\/wp-json\/wp\/v2\/types\/page"}],"author":[{"embeddable":true,"href":"https:\/\/advorius.com\/nl\/wp-json\/wp\/v2\/users\/1"}],"replies":[{"embeddable":true,"href":"https:\/\/advorius.com\/nl\/wp-json\/wp\/v2\/comments?post=187"}],"version-history":[{"count":7,"href":"https:\/\/advorius.com\/nl\/wp-json\/wp\/v2\/pages\/187\/revisions"}],"predecessor-version":[{"id":488,"href":"https:\/\/advorius.com\/nl\/wp-json\/wp\/v2\/pages\/187\/revisions\/488"}],"wp:attachment":[{"href":"https:\/\/advorius.com\/nl\/wp-json\/wp\/v2\/media?parent=187"}],"curies":[{"name":"wp","href":"https:\/\/api.w.org\/{rel}","templated":true}]}}