{"id":511,"date":"2025-12-04T16:20:25","date_gmt":"2025-12-04T15:20:25","guid":{"rendered":"https:\/\/advorius.com\/?page_id=511"},"modified":"2025-12-04T17:23:06","modified_gmt":"2025-12-04T16:23:06","slug":"gideon-stelten","status":"publish","type":"page","link":"https:\/\/advorius.com\/nl\/unser-team\/gideon-stelten\/","title":{"rendered":"Gideon Stelten"},"content":{"rendered":"<div data-elementor-type=\"wp-page\" data-elementor-id=\"511\" class=\"elementor elementor-511\" data-elementor-post-type=\"page\">\n\t\t\t\t<div class=\"elementor-element elementor-element-e820945 e-flex e-con-boxed e-con e-parent\" data-id=\"e820945\" data-element_type=\"container\">\n\t\t\t\t\t<div class=\"e-con-inner\">\n\t\t\t\t<div class=\"elementor-element elementor-element-cfcb5e1 elementor-widget-divider--view-line elementor-widget elementor-widget-divider\" data-id=\"cfcb5e1\" data-element_type=\"widget\" data-widget_type=\"divider.default\">\n\t\t\t\t\t\t\t<div class=\"elementor-divider\">\n\t\t\t<span class=\"elementor-divider-separator\">\n\t\t\t\t\t\t<\/span>\n\t\t<\/div>\n\t\t\t\t\t\t<\/div>\n\t\t\t\t\t<\/div>\n\t\t\t\t<\/div>\n\t\t<div class=\"elementor-element elementor-element-9222c02 e-flex e-con-boxed e-con e-parent\" data-id=\"9222c02\" data-element_type=\"container\">\n\t\t\t\t\t<div class=\"e-con-inner\">\n\t\t<div class=\"elementor-element elementor-element-6365644 e-con-full e-flex e-con e-child\" data-id=\"6365644\" data-element_type=\"container\">\n\t\t\t\t<div class=\"elementor-element elementor-element-e97250f elementor-widget elementor-widget-image\" data-id=\"e97250f\" data-element_type=\"widget\" data-widget_type=\"image.default\">\n\t\t\t\t\t\t\t\t\t\t\t\t\t\t\t<img fetchpriority=\"high\" decoding=\"async\" width=\"400\" height=\"400\" src=\"https:\/\/advorius.com\/wp-content\/uploads\/2025\/12\/Gideon-Stelten-Advorius-Advocaten.webp\" class=\"attachment-full size-full wp-image-257\" alt=\"\" srcset=\"https:\/\/advorius.com\/wp-content\/uploads\/2025\/12\/Gideon-Stelten-Advorius-Advocaten.webp 400w, https:\/\/advorius.com\/wp-content\/uploads\/2025\/12\/Gideon-Stelten-Advorius-Advocaten-300x300.webp 300w, https:\/\/advorius.com\/wp-content\/uploads\/2025\/12\/Gideon-Stelten-Advorius-Advocaten-150x150.webp 150w\" sizes=\"(max-width: 400px) 100vw, 400px\" \/>\t\t\t\t\t\t\t\t\t\t\t\t\t\t\t<\/div>\n\t\t\t\t<div class=\"elementor-element elementor-element-0b9edd0 elementor-widget elementor-widget-text-editor\" data-id=\"0b9edd0\" data-element_type=\"widget\" data-widget_type=\"text-editor.default\">\n\t\t\t\t\t\t\t\t\tAdvocaat, be\u00ebdigd sinds 2007.\n\t\t\t\t\t\t\t\t<\/div>\n\t\t\t\t<\/div>\n\t\t<div class=\"elementor-element elementor-element-c716233 e-con-full e-flex e-con e-child\" data-id=\"c716233\" data-element_type=\"container\">\n\t\t<div class=\"elementor-element elementor-element-a6a6b6a e-con-full e-flex e-con e-child\" data-id=\"a6a6b6a\" data-element_type=\"container\">\n\t\t\t\t<div class=\"elementor-element elementor-element-7af892e elementor-widget__width-initial elementor-mobile-align-start elementor-icon-list--layout-traditional elementor-list-item-link-full_width elementor-widget elementor-widget-icon-list\" data-id=\"7af892e\" data-element_type=\"widget\" data-widget_type=\"icon-list.default\">\n\t\t\t\t\t\t\t<ul class=\"elementor-icon-list-items\">\n\t\t\t\t\t\t\t<li class=\"elementor-icon-list-item\">\n\t\t\t\t\t\t\t\t\t\t\t<a href=\"tel:+31772050912\">\n\n\t\t\t\t\t\t\t\t\t\t\t\t<span class=\"elementor-icon-list-icon\">\n\t\t\t\t\t\t\t<svg aria-hidden=\"true\" class=\"e-font-icon-svg e-fas-phone\" viewbox=\"0 0 512 512\" xmlns=\"http:\/\/www.w3.org\/2000\/svg\"><path d=\"M493.4 24.6l-104-24c-11.3-2.6-22.9 3.3-27.5 13.9l-48 112c-4.2 9.8-1.4 21.3 6.9 28l60.6 49.6c-36 76.7-98.9 140.5-177.2 177.2l-49.6-60.6c-6.8-8.3-18.2-11.1-28-6.9l-112 48C3.9 366.5-2 378.1.6 389.4l24 104C27.1 504.2 36.7 512 48 512c256.1 0 464-207.5 464-464 0-11.2-7.7-20.9-18.6-23.4z\"><\/path><\/svg>\t\t\t\t\t\t<\/span>\n\t\t\t\t\t\t\t\t\t\t<span class=\"elementor-icon-list-text\">Tel.: +31 77 205 09 12<\/span>\n\t\t\t\t\t\t\t\t\t\t\t<\/a>\n\t\t\t\t\t\t\t\t\t<\/li>\n\t\t\t\t\t\t\t\t<li class=\"elementor-icon-list-item\">\n\t\t\t\t\t\t\t\t\t\t\t<a href=\"mailto:info@advorius.com\">\n\n\t\t\t\t\t\t\t\t\t\t\t\t<span class=\"elementor-icon-list-icon\">\n\t\t\t\t\t\t\t<svg aria-hidden=\"true\" class=\"e-font-icon-svg e-fas-envelope\" viewbox=\"0 0 512 512\" xmlns=\"http:\/\/www.w3.org\/2000\/svg\"><path d=\"M502.3 190.8c3.9-3.1 9.7-.2 9.7 4.7V400c0 26.5-21.5 48-48 48H48c-26.5 0-48-21.5-48-48V195.6c0-5 5.7-7.8 9.7-4.7 22.4 17.4 52.1 39.5 154.1 113.6 21.1 15.4 56.7 47.8 92.2 47.6 35.7.3 72-32.8 92.3-47.6 102-74.1 131.6-96.3 154-113.7zM256 320c23.2.4 56.6-29.2 73.4-41.4 132.7-96.3 142.8-104.7 173.4-128.7 5.8-4.5 9.2-11.5 9.2-18.9v-19c0-26.5-21.5-48-48-48H48C21.5 64 0 85.5 0 112v19c0 7.4 3.4 14.3 9.2 18.9 30.6 23.9 40.7 32.4 173.4 128.7 16.8 12.2 50.2 41.8 73.4 41.4z\"><\/path><\/svg>\t\t\t\t\t\t<\/span>\n\t\t\t\t\t\t\t\t\t\t<span class=\"elementor-icon-list-text\">E-Mail: stelten@advorius.com<\/span>\n\t\t\t\t\t\t\t\t\t\t\t<\/a>\n\t\t\t\t\t\t\t\t\t<\/li>\n\t\t\t\t\t\t<\/ul>\n\t\t\t\t\t\t<\/div>\n\t\t\t\t<\/div>\n\t\t<div class=\"elementor-element elementor-element-4523037 e-con-full e-flex e-con e-child\" data-id=\"4523037\" data-element_type=\"container\">\n\t\t\t\t<div class=\"elementor-element elementor-element-cfd2199 elementor-widget elementor-widget-text-editor\" data-id=\"cfd2199\" data-element_type=\"widget\" data-widget_type=\"text-editor.default\">\n\t\t\t\t\t\t\t\t\t<p><em>\"Van mijn stage op de juridische afdeling bij VW en mijn carri\u00e8reverhuizing naar D\u00fcsseldorf tot het oprichten van mijn eigen advocatenkantoor, Duitsland is altijd mijn focus geweest.\"<\/em><\/p>\t\t\t\t\t\t\t\t<\/div>\n\t\t\t\t<\/div>\n\t\t<div class=\"elementor-element elementor-element-3e990ff e-con-full e-flex e-con e-child\" data-id=\"3e990ff\" data-element_type=\"container\">\n\t\t\t\t<div class=\"elementor-element elementor-element-90c78ba elementor-widget elementor-widget-heading\" data-id=\"90c78ba\" data-element_type=\"widget\" data-widget_type=\"heading.default\">\n\t\t\t\t\t<h3 class=\"elementor-heading-title elementor-size-default\">Opleiding<\/h3>\t\t\t\t<\/div>\n\t\t\t\t<div class=\"elementor-element elementor-element-473f97d elementor-widget elementor-widget-text-editor\" data-id=\"473f97d\" data-element_type=\"widget\" data-widget_type=\"text-editor.default\">\n\t\t\t\t\t\t\t\t\t<ul><li>Nederlands recht aan de Universiteit Maastricht<\/li><li>Inleiding in het Duitse recht aan de Universiteit van Keulen<\/li><li>Beroepsopleiding Orde van Advocaten Amsterdam<\/li><li>Postdoctorale opleiding verzekeringsrecht aan de Universiteit Leiden<\/li><li>Specialistische juristenopleiding arbeidsrecht, Magna Carta in Oxford\/Waardenburg<\/li><\/ul>\t\t\t\t\t\t\t\t<\/div>\n\t\t\t\t<\/div>\n\t\t<div class=\"elementor-element elementor-element-bc18311 e-con-full e-flex e-con e-child\" data-id=\"bc18311\" data-element_type=\"container\">\n\t\t\t\t<div class=\"elementor-element elementor-element-e733038 elementor-widget elementor-widget-heading\" data-id=\"e733038\" data-element_type=\"widget\" data-widget_type=\"heading.default\">\n\t\t\t\t\t<h3 class=\"elementor-heading-title elementor-size-default\">Be\u00ebdigd<\/h3>\t\t\t\t<\/div>\n\t\t\t\t<div class=\"elementor-element elementor-element-4d2e342 elementor-widget elementor-widget-text-editor\" data-id=\"4d2e342\" data-element_type=\"widget\" data-widget_type=\"text-editor.default\">\n\t\t\t\t\t\t\t\t\tToegelaten als advocaat in Nederland sinds 2007\t\t\t\t\t\t\t\t<\/div>\n\t\t\t\t<\/div>\n\t\t<div class=\"elementor-element elementor-element-78200ca e-con-full e-flex e-con e-child\" data-id=\"78200ca\" data-element_type=\"container\">\n\t\t\t\t<div class=\"elementor-element elementor-element-37c5ad0 elementor-widget elementor-widget-heading\" data-id=\"37c5ad0\" data-element_type=\"widget\" data-widget_type=\"heading.default\">\n\t\t\t\t\t<h3 class=\"elementor-heading-title elementor-size-default\">Lidmaatschappen<\/h3>\t\t\t\t<\/div>\n\t\t\t\t<div class=\"elementor-element elementor-element-1cbe2aa elementor-widget elementor-widget-text-editor\" data-id=\"1cbe2aa\" data-element_type=\"widget\" data-widget_type=\"text-editor.default\">\n\t\t\t\t\t\t\t\t\tDuits-Nederlandse Advocatenvereniging e.V.\n\n\t\t\t\t\t\t\t\t<\/div>\n\t\t\t\t<\/div>\n\t\t<div class=\"elementor-element elementor-element-8468d80 e-con-full e-flex e-con e-child\" data-id=\"8468d80\" data-element_type=\"container\">\n\t\t\t\t<div class=\"elementor-element elementor-element-a219f7e elementor-widget elementor-widget-heading\" data-id=\"a219f7e\" data-element_type=\"widget\" data-widget_type=\"heading.default\">\n\t\t\t\t\t<h3 class=\"elementor-heading-title elementor-size-default\">Talen<\/h3>\t\t\t\t<\/div>\n\t\t\t\t<div class=\"elementor-element elementor-element-1b0c867 elementor-widget elementor-widget-text-editor\" data-id=\"1b0c867\" data-element_type=\"widget\" data-widget_type=\"text-editor.default\">\n\t\t\t\t\t\t\t\t\t<ul><li>Nederlands<\/li><li>Duits<\/li><li>Engels<\/li><\/ul>\t\t\t\t\t\t\t\t<\/div>\n\t\t\t\t<\/div>\n\t\t<div class=\"elementor-element elementor-element-73fb1bb e-con-full e-flex e-con e-child\" data-id=\"73fb1bb\" data-element_type=\"container\">\n\t\t\t\t<div class=\"elementor-element elementor-element-6249880 elementor-widget elementor-widget-heading\" data-id=\"6249880\" data-element_type=\"widget\" data-widget_type=\"heading.default\">\n\t\t\t\t\t<h3 class=\"elementor-heading-title elementor-size-default\">Vakgebieden<\/h3>\t\t\t\t<\/div>\n\t\t\t\t<div class=\"elementor-element elementor-element-8905d73 elementor-widget elementor-widget-text-editor\" data-id=\"8905d73\" data-element_type=\"widget\" data-widget_type=\"text-editor.default\">\n\t\t\t\t\t\t\t\t\t<ul><li>Arbeidsrecht<\/li><li>Verzekeringsrecht<\/li><li>Internationaal privaatrecht<\/li><\/ul><p>\u00a0<\/p><p>Gideon Stelten heeft de volgende hoofd- (en neven) expertisegebieden geregistreerd in het Rechtsgebiedenregister van de Nederlandse Orde van Advocaten:<\/p><ul><li>Arbeidsrecht<\/li><li>Verzekeringsrecht<\/li><\/ul><p>\u00a0<\/p><p>Als gevolg van deze inschrijving is hij verplicht om per geregistreerd rechtsgebied jaarlijks tien opleidingspunten te behalen, conform de normen van de Nederlandse Orde van Advocaten.<\/p>\t\t\t\t\t\t\t\t<\/div>\n\t\t\t\t<\/div>\n\t\t\t\t<\/div>\n\t\t\t\t\t<\/div>\n\t\t\t\t<\/div>\n\t\t\t\t<\/div>","protected":false},"excerpt":{"rendered":"<p>Rechtsanwalt (NL) Tel.: +31 77 205 09 12 E-Mail: stelten@advorius.com \u201eSeit meinem Praktikum im Rechtswesen bei VW und meinem Karriereschritt nach D\u00fcsseldorf bis hin zur Gr\u00fcndung meiner eigenen Kanzlei hatte ich Deutschland immer im Fokus.\u201c Ausbildung niederl\u00e4ndisches Recht an der Universit\u00e4t Maastricht Einf\u00fchrung in das deutsche Recht an der Universit\u00e4t zu K\u00f6ln Berufsausbildung Anwaltskammer Amsterdam [&hellip;]<\/p>","protected":false},"author":1,"featured_media":0,"parent":167,"menu_order":1,"comment_status":"closed","ping_status":"closed","template":"","meta":{"_acf_changed":false,"inline_featured_image":false,"footnotes":""},"class_list":["post-511","page","type-page","status-publish","hentry"],"acf":[],"yoast_head":"<!-- This site is optimized with the Yoast SEO plugin v26.7 - https:\/\/yoast.com\/wordpress\/plugins\/seo\/ -->\n<title>Gideon Stelten - Advorius Advocaten<\/title>\n<meta name=\"robots\" content=\"index, follow, max-snippet:-1, max-image-preview:large, max-video-preview:-1\" \/>\n<link rel=\"canonical\" href=\"https:\/\/advorius.com\/nl\/unser-team\/gideon-stelten\/\" \/>\n<meta property=\"og:locale\" content=\"nl_NL\" \/>\n<meta property=\"og:type\" content=\"article\" \/>\n<meta property=\"og:title\" content=\"Gideon Stelten - Advorius Advocaten\" \/>\n<meta property=\"og:description\" content=\"Rechtsanwalt (NL) Tel.: +31 77 205 09 12 E-Mail: stelten@advorius.com \u201eSeit meinem Praktikum im Rechtswesen bei VW und meinem Karriereschritt nach D\u00fcsseldorf bis hin zur Gr\u00fcndung meiner eigenen Kanzlei hatte ich Deutschland immer im Fokus.\u201c Ausbildung niederl\u00e4ndisches Recht an der Universit\u00e4t Maastricht Einf\u00fchrung in das deutsche Recht an der Universit\u00e4t zu K\u00f6ln Berufsausbildung Anwaltskammer Amsterdam [&hellip;]\" \/>\n<meta property=\"og:url\" content=\"https:\/\/advorius.com\/nl\/unser-team\/gideon-stelten\/\" \/>\n<meta property=\"og:site_name\" content=\"Advorius Advocaten\" \/>\n<meta property=\"article:modified_time\" content=\"2025-12-04T16:23:06+00:00\" \/>\n<meta property=\"og:image\" content=\"https:\/\/advorius.com\/wp-content\/uploads\/2025\/12\/Gideon-Stelten-Advorius-Advocaten.webp\" \/>\n\t<meta property=\"og:image:width\" content=\"400\" \/>\n\t<meta property=\"og:image:height\" content=\"400\" \/>\n\t<meta property=\"og:image:type\" content=\"image\/webp\" \/>\n<meta name=\"twitter:card\" content=\"summary_large_image\" \/>\n<meta name=\"twitter:label1\" content=\"Geschatte leestijd\" \/>\n\t<meta name=\"twitter:data1\" content=\"1 minuut\" \/>\n<script type=\"application\/ld+json\" class=\"yoast-schema-graph\">{\"@context\":\"https:\/\/schema.org\",\"@graph\":[{\"@type\":\"WebPage\",\"@id\":\"https:\/\/advorius.com\/unser-team\/gideon-stelten\/\",\"url\":\"https:\/\/advorius.com\/unser-team\/gideon-stelten\/\",\"name\":\"Gideon Stelten - Advorius Advocaten\",\"isPartOf\":{\"@id\":\"https:\/\/advorius.com\/#website\"},\"primaryImageOfPage\":{\"@id\":\"https:\/\/advorius.com\/unser-team\/gideon-stelten\/#primaryimage\"},\"image\":{\"@id\":\"https:\/\/advorius.com\/unser-team\/gideon-stelten\/#primaryimage\"},\"thumbnailUrl\":\"https:\/\/advorius.com\/wp-content\/uploads\/2025\/12\/Gideon-Stelten-Advorius-Advocaten.webp\",\"datePublished\":\"2025-12-04T15:20:25+00:00\",\"dateModified\":\"2025-12-04T16:23:06+00:00\",\"breadcrumb\":{\"@id\":\"https:\/\/advorius.com\/unser-team\/gideon-stelten\/#breadcrumb\"},\"inLanguage\":\"nl-NL\",\"potentialAction\":[{\"@type\":\"ReadAction\",\"target\":[\"https:\/\/advorius.com\/unser-team\/gideon-stelten\/\"]}]},{\"@type\":\"ImageObject\",\"inLanguage\":\"nl-NL\",\"@id\":\"https:\/\/advorius.com\/unser-team\/gideon-stelten\/#primaryimage\",\"url\":\"https:\/\/advorius.com\/wp-content\/uploads\/2025\/12\/Gideon-Stelten-Advorius-Advocaten.webp\",\"contentUrl\":\"https:\/\/advorius.com\/wp-content\/uploads\/2025\/12\/Gideon-Stelten-Advorius-Advocaten.webp\"},{\"@type\":\"BreadcrumbList\",\"@id\":\"https:\/\/advorius.com\/unser-team\/gideon-stelten\/#breadcrumb\",\"itemListElement\":[{\"@type\":\"ListItem\",\"position\":1,\"name\":\"Home\",\"item\":\"https:\/\/advorius.com\/\"},{\"@type\":\"ListItem\",\"position\":2,\"name\":\"Unser Team\",\"item\":\"https:\/\/advorius.com\/unser-team\/\"},{\"@type\":\"ListItem\",\"position\":3,\"name\":\"Gideon Stelten\"}]},{\"@type\":\"WebSite\",\"@id\":\"https:\/\/advorius.com\/#website\",\"url\":\"https:\/\/advorius.com\/\",\"name\":\"Advorius Advocaten\",\"description\":\"Ihre rechtsanw&auml;lte in den Niederlanden\",\"publisher\":{\"@id\":\"https:\/\/advorius.com\/#organization\"},\"potentialAction\":[{\"@type\":\"SearchAction\",\"target\":{\"@type\":\"EntryPoint\",\"urlTemplate\":\"https:\/\/advorius.com\/?s={search_term_string}\"},\"query-input\":{\"@type\":\"PropertyValueSpecification\",\"valueRequired\":true,\"valueName\":\"search_term_string\"}}],\"inLanguage\":\"nl-NL\"},{\"@type\":\"Organization\",\"@id\":\"https:\/\/advorius.com\/#organization\",\"name\":\"Advorius Advocaten\",\"url\":\"https:\/\/advorius.com\/\",\"logo\":{\"@type\":\"ImageObject\",\"inLanguage\":\"nl-NL\",\"@id\":\"https:\/\/advorius.com\/#\/schema\/logo\/image\/\",\"url\":\"https:\/\/advorius.com\/wp-content\/uploads\/2025\/12\/Logo-Advorius-Advocaten_blauw.webp\",\"contentUrl\":\"https:\/\/advorius.com\/wp-content\/uploads\/2025\/12\/Logo-Advorius-Advocaten_blauw.webp\",\"width\":1360,\"height\":365,\"caption\":\"Advorius Advocaten\"},\"image\":{\"@id\":\"https:\/\/advorius.com\/#\/schema\/logo\/image\/\"}}]}<\/script>\n<!-- \/ Yoast SEO plugin. -->","yoast_head_json":{"title":"Gideon Stelten - Advorius Advocaten","robots":{"index":"index","follow":"follow","max-snippet":"max-snippet:-1","max-image-preview":"max-image-preview:large","max-video-preview":"max-video-preview:-1"},"canonical":"https:\/\/advorius.com\/nl\/unser-team\/gideon-stelten\/","og_locale":"nl_NL","og_type":"article","og_title":"Gideon Stelten - Advorius Advocaten","og_description":"Rechtsanwalt (NL) Tel.: +31 77 205 09 12 E-Mail: stelten@advorius.com \u201eSeit meinem Praktikum im Rechtswesen bei VW und meinem Karriereschritt nach D\u00fcsseldorf bis hin zur Gr\u00fcndung meiner eigenen Kanzlei hatte ich Deutschland immer im Fokus.\u201c Ausbildung niederl\u00e4ndisches Recht an der Universit\u00e4t Maastricht Einf\u00fchrung in das deutsche Recht an der Universit\u00e4t zu K\u00f6ln Berufsausbildung Anwaltskammer Amsterdam [&hellip;]","og_url":"https:\/\/advorius.com\/nl\/unser-team\/gideon-stelten\/","og_site_name":"Advorius Advocaten","article_modified_time":"2025-12-04T16:23:06+00:00","og_image":[{"width":400,"height":400,"url":"https:\/\/advorius.com\/wp-content\/uploads\/2025\/12\/Gideon-Stelten-Advorius-Advocaten.webp","type":"image\/webp"}],"twitter_card":"summary_large_image","twitter_misc":{"Geschatte leestijd":"1 minuut"},"schema":{"@context":"https:\/\/schema.org","@graph":[{"@type":"WebPage","@id":"https:\/\/advorius.com\/unser-team\/gideon-stelten\/","url":"https:\/\/advorius.com\/unser-team\/gideon-stelten\/","name":"Gideon Stelten - Advorius Advocaten","isPartOf":{"@id":"https:\/\/advorius.com\/#website"},"primaryImageOfPage":{"@id":"https:\/\/advorius.com\/unser-team\/gideon-stelten\/#primaryimage"},"image":{"@id":"https:\/\/advorius.com\/unser-team\/gideon-stelten\/#primaryimage"},"thumbnailUrl":"https:\/\/advorius.com\/wp-content\/uploads\/2025\/12\/Gideon-Stelten-Advorius-Advocaten.webp","datePublished":"2025-12-04T15:20:25+00:00","dateModified":"2025-12-04T16:23:06+00:00","breadcrumb":{"@id":"https:\/\/advorius.com\/unser-team\/gideon-stelten\/#breadcrumb"},"inLanguage":"nl-NL","potentialAction":[{"@type":"ReadAction","target":["https:\/\/advorius.com\/unser-team\/gideon-stelten\/"]}]},{"@type":"ImageObject","inLanguage":"nl-NL","@id":"https:\/\/advorius.com\/unser-team\/gideon-stelten\/#primaryimage","url":"https:\/\/advorius.com\/wp-content\/uploads\/2025\/12\/Gideon-Stelten-Advorius-Advocaten.webp","contentUrl":"https:\/\/advorius.com\/wp-content\/uploads\/2025\/12\/Gideon-Stelten-Advorius-Advocaten.webp"},{"@type":"BreadcrumbList","@id":"https:\/\/advorius.com\/unser-team\/gideon-stelten\/#breadcrumb","itemListElement":[{"@type":"ListItem","position":1,"name":"Home","item":"https:\/\/advorius.com\/"},{"@type":"ListItem","position":2,"name":"Unser Team","item":"https:\/\/advorius.com\/unser-team\/"},{"@type":"ListItem","position":3,"name":"Gideon Stelten"}]},{"@type":"WebSite","@id":"https:\/\/advorius.com\/#website","url":"https:\/\/advorius.com\/","name":"Advorius Advocaten","description":"Ihre rechtsanw&auml;lte in den Niederlanden","publisher":{"@id":"https:\/\/advorius.com\/#organization"},"potentialAction":[{"@type":"SearchAction","target":{"@type":"EntryPoint","urlTemplate":"https:\/\/advorius.com\/?s={search_term_string}"},"query-input":{"@type":"PropertyValueSpecification","valueRequired":true,"valueName":"search_term_string"}}],"inLanguage":"nl-NL"},{"@type":"Organization","@id":"https:\/\/advorius.com\/#organization","name":"Advorius Advocaten","url":"https:\/\/advorius.com\/","logo":{"@type":"ImageObject","inLanguage":"nl-NL","@id":"https:\/\/advorius.com\/#\/schema\/logo\/image\/","url":"https:\/\/advorius.com\/wp-content\/uploads\/2025\/12\/Logo-Advorius-Advocaten_blauw.webp","contentUrl":"https:\/\/advorius.com\/wp-content\/uploads\/2025\/12\/Logo-Advorius-Advocaten_blauw.webp","width":1360,"height":365,"caption":"Advorius Advocaten"},"image":{"@id":"https:\/\/advorius.com\/#\/schema\/logo\/image\/"}}]}},"_links":{"self":[{"href":"https:\/\/advorius.com\/nl\/wp-json\/wp\/v2\/pages\/511","targetHints":{"allow":["GET"]}}],"collection":[{"href":"https:\/\/advorius.com\/nl\/wp-json\/wp\/v2\/pages"}],"about":[{"href":"https:\/\/advorius.com\/nl\/wp-json\/wp\/v2\/types\/page"}],"author":[{"embeddable":true,"href":"https:\/\/advorius.com\/nl\/wp-json\/wp\/v2\/users\/1"}],"replies":[{"embeddable":true,"href":"https:\/\/advorius.com\/nl\/wp-json\/wp\/v2\/comments?post=511"}],"version-history":[{"count":23,"href":"https:\/\/advorius.com\/nl\/wp-json\/wp\/v2\/pages\/511\/revisions"}],"predecessor-version":[{"id":590,"href":"https:\/\/advorius.com\/nl\/wp-json\/wp\/v2\/pages\/511\/revisions\/590"}],"up":[{"embeddable":true,"href":"https:\/\/advorius.com\/nl\/wp-json\/wp\/v2\/pages\/167"}],"wp:attachment":[{"href":"https:\/\/advorius.com\/nl\/wp-json\/wp\/v2\/media?parent=511"}],"curies":[{"name":"wp","href":"https:\/\/api.w.org\/{rel}","templated":true}]}}