{"id":853,"date":"2025-12-16T16:00:23","date_gmt":"2025-12-16T15:00:23","guid":{"rendered":"https:\/\/advorius.com\/?page_id=853"},"modified":"2025-12-16T16:16:02","modified_gmt":"2025-12-16T15:16:02","slug":"impressum","status":"publish","type":"page","link":"https:\/\/advorius.com\/nl\/impressum\/","title":{"rendered":"Impressum"},"content":{"rendered":"<p>Advorius Advocaten<br \/>\nSt. Micha\u00eblstraat 4<br \/>\nNL-5935 BL Steyl (Venlo) - Nederland<br \/>\nTel. +31 (0) 77 205 09 12<br \/>\nFax +31 (0) 77 203 00 11<br \/>\nE-Mail:\u00a0<a href=\"mailto:info@advorius.com\">info@advorius.com<\/a><br \/>\nBTW-identificatienummer.: NL8537.12.700.B.01<\/p>\n<p>Advorius Advocaten is de geregistreerde handelsnaam van de Nederlandse besloten vennootschap: Acurius B.V. geregistreerd onder Nederlands handelsregisternummer (KvK-nr.) 59964243.<\/p>\n<p>Vertegenwoordigd door de algemeen directeur: Gideon Stelten. Redactioneel verantwoordelijke voor de website: Gideon Stelten.<\/p>\n<p>Beroepstitel van de professionals: advocaat (Nederland)<\/p>\n<p>Onze advocaten zijn lid van de volgende beroepsorganisatie:<br \/>\nde Nederlandse Orde van Advocaten:\u00a0<a href=\"http:\/\/www.advocatenorde.nl\/\" target=\"_blank\" rel=\"noopener\">www.advocatenorde.nl<\/a><\/p>\n<p>Beroepsaansprakelijkheidsverzekering:\u00a0<a href=\"https:\/\/advorius.com\/wp-content\/uploads\/2025\/12\/Advorius-Advocaten-verzekeringscertificaat-versie-2024.pdf\">Verzekeringscertificaat<\/a><\/p>\n<p>Neem ook kennis van ons\u00a0<a href=\"https:\/\/advorius.com\/nl\/datenschutzerklaerung\/\">Privacyverklaring<\/a>\u00a0en onze\u00a0<a href=\"https:\/\/advorius.com\/wp-content\/uploads\/2025\/12\/Kanzleibeschwerdeverfahren-Advorius-Advocaten.pdf\" target=\"_blank\" rel=\"noopener\">kantoorklachtenregeling<\/a>.<\/p>\n<h2>Disclaimer<\/h2>\n<p>Voor de op deze website verstrekte informatie kan niet worden ingestaan voor volledigheid, juistheid of actualiteit. De verstrekte gegevens kunnen evenmin een advies vervangen, maar dienen slechts ter algemene informatie. Elke aansprakelijkheid die voortvloeit uit het gebruik van de verstrekte informatie is daarom uitgesloten.<\/p>","protected":false},"excerpt":{"rendered":"<p>Advorius Advocaten St. Micha\u00eblstraat 4 NL-5935 BL Steyl (Venlo) \u2013 Niederlande Tel. +31 (0) 77 205 09 12 Fax +31 (0) 77 203 00 11 E-Mail:\u00a0info@advorius.com USt-Ident-Nr.: NL8537.12.700.B.01 Advorius Advocaten ist der registrierte Handelsname der niederl\u00e4ndischen Gesellschaft mit beschr\u00e4nkter Haftung: Acurius B.V. registriert unter der niederl\u00e4ndischen Handelsregisternummer (KvK-Nr.) 59964243. Vertreten durch den Gesch\u00e4ftsf\u00fchrer und redaktionell [&hellip;]<\/p>","protected":false},"author":1,"featured_media":0,"parent":0,"menu_order":0,"comment_status":"closed","ping_status":"closed","template":"","meta":{"_acf_changed":false,"inline_featured_image":false,"footnotes":""},"class_list":["post-853","page","type-page","status-publish","hentry"],"acf":[],"yoast_head":"<!-- This site is optimized with the Yoast SEO plugin v26.7 - https:\/\/yoast.com\/wordpress\/plugins\/seo\/ -->\n<title>Impressum - Advorius Advocaten<\/title>\n<meta name=\"robots\" content=\"index, follow, max-snippet:-1, max-image-preview:large, max-video-preview:-1\" \/>\n<link rel=\"canonical\" href=\"https:\/\/advorius.com\/nl\/impressum\/\" \/>\n<meta property=\"og:locale\" content=\"nl_NL\" \/>\n<meta property=\"og:type\" content=\"article\" \/>\n<meta property=\"og:title\" content=\"Impressum - Advorius Advocaten\" \/>\n<meta property=\"og:description\" content=\"Advorius Advocaten St. Micha\u00eblstraat 4 NL-5935 BL Steyl (Venlo) \u2013 Niederlande Tel. +31 (0) 77 205 09 12 Fax +31 (0) 77 203 00 11 E-Mail:\u00a0info@advorius.com USt-Ident-Nr.: NL8537.12.700.B.01 Advorius Advocaten ist der registrierte Handelsname der niederl\u00e4ndischen Gesellschaft mit beschr\u00e4nkter Haftung: Acurius B.V. registriert unter der niederl\u00e4ndischen Handelsregisternummer (KvK-Nr.) 59964243. Vertreten durch den Gesch\u00e4ftsf\u00fchrer und redaktionell [&hellip;]\" \/>\n<meta property=\"og:url\" content=\"https:\/\/advorius.com\/nl\/impressum\/\" \/>\n<meta property=\"og:site_name\" content=\"Advorius Advocaten\" \/>\n<meta property=\"article:modified_time\" content=\"2025-12-16T15:16:02+00:00\" \/>\n<meta name=\"twitter:card\" content=\"summary_large_image\" \/>\n<meta name=\"twitter:label1\" content=\"Geschatte leestijd\" \/>\n\t<meta name=\"twitter:data1\" content=\"1 minuut\" \/>\n<script type=\"application\/ld+json\" class=\"yoast-schema-graph\">{\"@context\":\"https:\/\/schema.org\",\"@graph\":[{\"@type\":\"WebPage\",\"@id\":\"https:\/\/advorius.com\/impressum\/\",\"url\":\"https:\/\/advorius.com\/impressum\/\",\"name\":\"Impressum - Advorius Advocaten\",\"isPartOf\":{\"@id\":\"https:\/\/advorius.com\/#website\"},\"datePublished\":\"2025-12-16T15:00:23+00:00\",\"dateModified\":\"2025-12-16T15:16:02+00:00\",\"breadcrumb\":{\"@id\":\"https:\/\/advorius.com\/impressum\/#breadcrumb\"},\"inLanguage\":\"nl-NL\",\"potentialAction\":[{\"@type\":\"ReadAction\",\"target\":[\"https:\/\/advorius.com\/impressum\/\"]}]},{\"@type\":\"BreadcrumbList\",\"@id\":\"https:\/\/advorius.com\/impressum\/#breadcrumb\",\"itemListElement\":[{\"@type\":\"ListItem\",\"position\":1,\"name\":\"Home\",\"item\":\"https:\/\/advorius.com\/\"},{\"@type\":\"ListItem\",\"position\":2,\"name\":\"Impressum\"}]},{\"@type\":\"WebSite\",\"@id\":\"https:\/\/advorius.com\/#website\",\"url\":\"https:\/\/advorius.com\/\",\"name\":\"Advorius Advocaten\",\"description\":\"Ihre rechtsanw&auml;lte in den Niederlanden\",\"publisher\":{\"@id\":\"https:\/\/advorius.com\/#organization\"},\"potentialAction\":[{\"@type\":\"SearchAction\",\"target\":{\"@type\":\"EntryPoint\",\"urlTemplate\":\"https:\/\/advorius.com\/?s={search_term_string}\"},\"query-input\":{\"@type\":\"PropertyValueSpecification\",\"valueRequired\":true,\"valueName\":\"search_term_string\"}}],\"inLanguage\":\"nl-NL\"},{\"@type\":\"Organization\",\"@id\":\"https:\/\/advorius.com\/#organization\",\"name\":\"Advorius Advocaten\",\"url\":\"https:\/\/advorius.com\/\",\"logo\":{\"@type\":\"ImageObject\",\"inLanguage\":\"nl-NL\",\"@id\":\"https:\/\/advorius.com\/#\/schema\/logo\/image\/\",\"url\":\"https:\/\/advorius.com\/wp-content\/uploads\/2025\/12\/Logo-Advorius-Advocaten_blauw.webp\",\"contentUrl\":\"https:\/\/advorius.com\/wp-content\/uploads\/2025\/12\/Logo-Advorius-Advocaten_blauw.webp\",\"width\":1360,\"height\":365,\"caption\":\"Advorius Advocaten\"},\"image\":{\"@id\":\"https:\/\/advorius.com\/#\/schema\/logo\/image\/\"}}]}<\/script>\n<!-- \/ Yoast SEO plugin. -->","yoast_head_json":{"title":"Impressum - Advorius Advocaten","robots":{"index":"index","follow":"follow","max-snippet":"max-snippet:-1","max-image-preview":"max-image-preview:large","max-video-preview":"max-video-preview:-1"},"canonical":"https:\/\/advorius.com\/nl\/impressum\/","og_locale":"nl_NL","og_type":"article","og_title":"Impressum - Advorius Advocaten","og_description":"Advorius Advocaten St. Micha\u00eblstraat 4 NL-5935 BL Steyl (Venlo) \u2013 Niederlande Tel. +31 (0) 77 205 09 12 Fax +31 (0) 77 203 00 11 E-Mail:\u00a0info@advorius.com USt-Ident-Nr.: NL8537.12.700.B.01 Advorius Advocaten ist der registrierte Handelsname der niederl\u00e4ndischen Gesellschaft mit beschr\u00e4nkter Haftung: Acurius B.V. registriert unter der niederl\u00e4ndischen Handelsregisternummer (KvK-Nr.) 59964243. Vertreten durch den Gesch\u00e4ftsf\u00fchrer und redaktionell [&hellip;]","og_url":"https:\/\/advorius.com\/nl\/impressum\/","og_site_name":"Advorius Advocaten","article_modified_time":"2025-12-16T15:16:02+00:00","twitter_card":"summary_large_image","twitter_misc":{"Geschatte leestijd":"1 minuut"},"schema":{"@context":"https:\/\/schema.org","@graph":[{"@type":"WebPage","@id":"https:\/\/advorius.com\/impressum\/","url":"https:\/\/advorius.com\/impressum\/","name":"Impressum - Advorius Advocaten","isPartOf":{"@id":"https:\/\/advorius.com\/#website"},"datePublished":"2025-12-16T15:00:23+00:00","dateModified":"2025-12-16T15:16:02+00:00","breadcrumb":{"@id":"https:\/\/advorius.com\/impressum\/#breadcrumb"},"inLanguage":"nl-NL","potentialAction":[{"@type":"ReadAction","target":["https:\/\/advorius.com\/impressum\/"]}]},{"@type":"BreadcrumbList","@id":"https:\/\/advorius.com\/impressum\/#breadcrumb","itemListElement":[{"@type":"ListItem","position":1,"name":"Home","item":"https:\/\/advorius.com\/"},{"@type":"ListItem","position":2,"name":"Impressum"}]},{"@type":"WebSite","@id":"https:\/\/advorius.com\/#website","url":"https:\/\/advorius.com\/","name":"Advorius Advocaten","description":"Ihre rechtsanw&auml;lte in den Niederlanden","publisher":{"@id":"https:\/\/advorius.com\/#organization"},"potentialAction":[{"@type":"SearchAction","target":{"@type":"EntryPoint","urlTemplate":"https:\/\/advorius.com\/?s={search_term_string}"},"query-input":{"@type":"PropertyValueSpecification","valueRequired":true,"valueName":"search_term_string"}}],"inLanguage":"nl-NL"},{"@type":"Organization","@id":"https:\/\/advorius.com\/#organization","name":"Advorius Advocaten","url":"https:\/\/advorius.com\/","logo":{"@type":"ImageObject","inLanguage":"nl-NL","@id":"https:\/\/advorius.com\/#\/schema\/logo\/image\/","url":"https:\/\/advorius.com\/wp-content\/uploads\/2025\/12\/Logo-Advorius-Advocaten_blauw.webp","contentUrl":"https:\/\/advorius.com\/wp-content\/uploads\/2025\/12\/Logo-Advorius-Advocaten_blauw.webp","width":1360,"height":365,"caption":"Advorius Advocaten"},"image":{"@id":"https:\/\/advorius.com\/#\/schema\/logo\/image\/"}}]}},"_links":{"self":[{"href":"https:\/\/advorius.com\/nl\/wp-json\/wp\/v2\/pages\/853","targetHints":{"allow":["GET"]}}],"collection":[{"href":"https:\/\/advorius.com\/nl\/wp-json\/wp\/v2\/pages"}],"about":[{"href":"https:\/\/advorius.com\/nl\/wp-json\/wp\/v2\/types\/page"}],"author":[{"embeddable":true,"href":"https:\/\/advorius.com\/nl\/wp-json\/wp\/v2\/users\/1"}],"replies":[{"embeddable":true,"href":"https:\/\/advorius.com\/nl\/wp-json\/wp\/v2\/comments?post=853"}],"version-history":[{"count":5,"href":"https:\/\/advorius.com\/nl\/wp-json\/wp\/v2\/pages\/853\/revisions"}],"predecessor-version":[{"id":866,"href":"https:\/\/advorius.com\/nl\/wp-json\/wp\/v2\/pages\/853\/revisions\/866"}],"wp:attachment":[{"href":"https:\/\/advorius.com\/nl\/wp-json\/wp\/v2\/media?parent=853"}],"curies":[{"name":"wp","href":"https:\/\/api.w.org\/{rel}","templated":true}]}}